{"id":3516,"date":"2025-09-09T10:25:41","date_gmt":"2025-09-09T09:25:41","guid":{"rendered":"https:\/\/flamaster.com.pl\/?page_id=3516"},"modified":"2025-09-20T13:54:53","modified_gmt":"2025-09-20T12:54:53","slug":"faq","status":"publish","type":"page","link":"https:\/\/flamaster.com.pl\/en\/faq\/","title":{"rendered":"FAQ"},"content":{"rendered":"<div data-elementor-type=\"wp-page\" data-elementor-id=\"3516\" class=\"elementor elementor-3516\" data-elementor-post-type=\"page\">\n\t\t\t\t<div class=\"elementor-element elementor-element-9d5099d e-flex e-con-boxed e-con e-parent\" data-id=\"9d5099d\" data-element_type=\"container\" data-e-type=\"container\">\n\t\t\t\t\t<div class=\"e-con-inner\">\n\t\t\t\t\t<\/div>\n\t\t\t\t<\/div>\n\t\t<div class=\"elementor-element elementor-element-c14c93f e-grid e-con-boxed e-con e-parent\" data-id=\"c14c93f\" data-element_type=\"container\" data-e-type=\"container\">\n\t\t\t\t\t<div class=\"e-con-inner\">\n\t\t\t\t\t<\/div>\n\t\t\t\t<\/div>\n\t\t<div class=\"elementor-element elementor-element-21b5aa2 e-flex e-con-boxed e-con e-parent\" data-id=\"21b5aa2\" data-element_type=\"container\" data-e-type=\"container\">\n\t\t\t\t\t<div class=\"e-con-inner\">\n\t\t\t\t<div class=\"elementor-element elementor-element-f55652b elementor-widget elementor-widget-text-editor\" data-id=\"f55652b\" data-element_type=\"widget\" data-e-type=\"widget\" data-widget_type=\"text-editor.default\">\n\t\t\t\t<div class=\"elementor-widget-container\">\n\t\t\t\t\t\t\t\t\t<h1><br><\/h1><h1>Najcz\u0119stsze pytania naszych klient\u00f3w<\/h1>\n<h1><b style=\"font-size: 19px; font-style: inherit; color: rgb(50, 51, 58);\">1. Kiedy jest najlepszy moment, aby zacz\u0105\u0107 projekt wn\u0119trz?<\/b><\/h1>\n<p>Z naszego do\u015bwiadczenia wynika, \u017ce projekt wn\u0119trz dobrze jest rozpocz\u0105\u0107 od razu, gdy znamy ju\u017c powierzchni\u0119<b> lokalu<\/b> i jego <b>funkcje<\/b>. Im wcze\u015bniej do\u0142\u0105czymy do procesu powstawania przestrzeni, tym lepiej mo\u017cemy zoptymalizowa\u0107 uk\u0142ad funkcjonalny i wprowadzi\u0107 rozwi\u0105zania, kt\u00f3re b\u0119d\u0105 odpowiada\u0107 na potrzeby ich u\u017cytkownik\u00f3w przez lata.<\/p>\n<p><span style=\"font-style: inherit;\">2<b>.<\/b><\/span><b style=\"font-style: inherit;\">Jakie materia\u0142y przes\u0142a\u0107, aby przygotowa\u0107 szczeg\u00f3\u0142ow\u0105 wycen\u0119 projektu wn\u0119trz?<\/b><\/p>\n<p>Aby\u015bmy mogli przygotowa\u0107 <b>szczeg\u00f3\u0142ow\u0105 wycen\u0119 projektu wn\u0119trza<\/b>, potrzebujemy przede wszystkim <b>rzutu lokalu<\/b> wraz z wymiarami i zdj\u0119ciami dost\u0119pnej przestrzeni. Kolejnym cennym materia\u0142em s\u0105 <b>inspiracje dotycz\u0105ce klimatu i stylu wn\u0119trza<\/b> \u2014 mog\u0105 to by\u0107 zdj\u0119cia, linki, a nawet kr\u00f3tkie opisy tego, co Pa\u0144stwo oczekuj\u0105 lub co Wam si\u0119 podoba. Im wi\u0119cej informacji otrzymamy na starcie, tym dok\u0142adniej dopasujemy nasz\u0105 ofert\u0119 i zaplanujemy harmonogram prac.<\/p>\n<p><span style=\"font-style: inherit;\">3.<\/span><b style=\"font-style: inherit;\">Czy podczas projektowania wn\u0119trz wsp\u00f3\u0142pracujecie z w\u0142asnymi ekipami budowlanymi i podwykonawcami?<\/b><\/p>\n<p>Tak, nasza Pracownia Flamaster wsp\u00f3\u0142pracuje z <b>trzema do\u015bwiadczonymi ekipami budowlanymi, <\/b>oraz sprawdzonymi <b>podwykonawcami (elektrykami, stolarzami, kamierzami, monta\u017cystami)<\/b>. Dzi\u0119ki temu mamy pe\u0142n\u0105 kontrol\u0119 nad jako\u015bci\u0105 wykonania projekt\u00f3w oraz terminami. Je\u015bli jednak Klient posiada <b>swoich zaufanych wykonawc\u00f3w,<\/b> ch\u0119tnie podejmiemy si\u0119 wsp\u00f3\u0142pracy podczas remontu wn\u0119trza tak\u017ce z nimi.<\/p>\n<p><span style=\"font-style: inherit;\">4.&nbsp;<\/span><b style=\"font-style: inherit;\">Czy projektujecie indywidualne grafiki i obrazy do wn\u0119trz?<\/b><\/p>\n<p>Tak, oferujemy projektowanie unikatowych grafik i dekoracji, kt\u00f3re stanowi\u0105 dope\u0142nienie aran\u017cacji wn\u0119trza. Mo\u017cemy r\u00f3wnie\u017c skontaktowa\u0107 naszych klient\u00f3w z artystami i tw\u00f3rcami, zapewniaj\u0105c dost\u0119p do indywidualnych projekt\u00f3w artystycznych. Sp\u00f3jnie wplatamy <b>elementy sztuki w projekty wn\u0119trz<\/b>, tworz\u0105c <b>przestrzenie z dusz\u0105<\/b> i wyj\u0105tkowym charakterem.&nbsp;<\/p>\n<p>W biurach i przestrzeniach us\u0142ugowych elementy sztuki nadaj\u0105 charakter, mog\u0105 inicjowa\u0107 ciekawe<b> rozmowy z partnerami biznesowymi<\/b> lub w subtelny spos\u00f3b pokazywa\u0107, czym firma si\u0119 zajmuje i w jaki spos\u00f3b dzia\u0142a. To nie tylko dekoracja, ale tak\u017ce spos\u00f3b komunikacji i <b>budowania wizerunku marki poprzez przestrze\u0144<\/b>.<\/p>\n<ol start=\"5\">\n<li><b> Jaki jest termin realizacji projektu mieszkania?<\/b><\/li>\n<\/ol>\n<p>Termin realizacji kompleksowego projektu wn\u0119trz zale\u017cy od metra\u017cu oraz stopnia skomplikowania aran\u017cacji. W przypadku mieszka\u0144 o powierzchni <b>30\u201360 m\u00b2<\/b> pe\u0142ny projekt wraz z dokumentacj\u0105 zajmuje nam <b>oko\u0142o 3 miesi\u0119cy<\/b>. Przy metra\u017cach<b> powy\u017cej 70 m\u00b2 czas ten mo\u017ce si\u0119 wyd\u0142u\u017cy\u0107,<\/b> zw\u0142aszcza je\u015bli projekt zak\u0142ada nietypowe rozwi\u0105zania, wykonanie element\u00f3w na zam\u00f3wienie lub skomplikowane prace budowlane. Zawsze omawiamy realny harmonogram ju\u017c na pocz\u0105tku wsp\u00f3\u0142pracy z Klientem.<\/p>\n<ol start=\"6\">\n<li><b> Ile kosztuje projekt mieszkania?<\/b><\/li>\n<\/ol>\n<p>Cena projektu wn\u0119trz zale\u017cy od zakresu prac i poziomu skomplikowania. Standardowy <b>kompleksowy projekt lokalu<\/b> kosztuje od <b>300 do 600 z\u0142\/m\u00b2<\/b>. W przypadku projekt\u00f3w nietypowych lub o bardzo indywidualnym charakterze wycena jest ustalana osobno. W ko\u0144cow\u0105 cen\u0119 projektu aran\u017cacji wn\u0119trz wchodzi pe\u0142ny proces projektowy \u2014 od koncepcji, przez wizualizacje, a\u017c po dokumentacj\u0119 wykonawcz\u0105 i nadz\u00f3r autorski, je\u015bli jest przewidziany w umowie. Oferujemy te\u017c rozliczenie godzinowe na podstawie raportu prac &#8211; ustalane indywidualne w zale\u017cno\u015bci od stopnia skomplikowania tematu, us\u0142ugi poligraficzne oraz koordynacj\u0119 zakup\u00f3w i dostaw, kt\u00f3re zwyczajowo rozliczamy w stawce godzinowej.<\/p>\n<ol start=\"7\">\n<li><b> Jak zaplanowa\u0107 dedykowane biuro na miar\u0119 potrzeb firmy?<\/b><\/li>\n<\/ol>\n<p>Dedykowane biuro to przestrze\u0144 zaprojektowana z my\u015bl\u0105 o funkcjonalno\u015bci, <b>well-being pracownik\u00f3w<\/b> oraz <b>wizerunku marki<\/b>. W projektach biurowych dbamy o to, aby uk\u0142ad przestrzeni sprzyja\u0142 koncentracji, kreatywno\u015bci i dobremu samopoczuciu zespo\u0142u. W naszej Pracowni Flamaster tworzymy <b>wyr\u00f3\u017cniaj\u0105ce si\u0119 biura<\/b>, kt\u00f3re s\u0105 nie tylko wygodne, ale tak\u017ce buduj\u0105 pozytywne wra\u017cenie partner\u00f3w biznesowych. Ka\u017cdy projekt zaczynamy od wywiad\u00f3w pog\u0142\u0119bionych z przysz\u0142ymi u\u017cytkownikami, analizy potrzeb firmy i jej specyfiki dzia\u0142ania.<\/p>\n<ol start=\"8\">\n<li><b> Jak zaprojektowa\u0107 wn\u0119trze kreatywne i motywuj\u0105ce do dzia\u0142ania?<\/b><\/li>\n<\/ol>\n<p>Wn\u0119trze kreatywne powstaje z po\u0142\u0105czenia funkcjonalnego uk\u0142adu z <b>przemy\u015blanymi detalami, kolorystyk\u0105 i o\u015bwietleniem<\/b>, kt\u00f3re nadaj\u0105 klimat i indywidualny rys pomieszczeniom. W Pracowni Flamaster tworzymy <b>wn\u0119trza z energi\u0105<\/b>, kt\u00f3re inspiruj\u0105 do dzia\u0142ania i zwi\u0119kszaj\u0105 komfort u\u017cytkownik\u00f3w.<\/p>\n<ol start=\"9\">\n<li><b> Jakie s\u0105 najlepsze pomys\u0142y na nietypowe, ciekawe wn\u0119trza?<\/b><\/li>\n<\/ol>\n<p>Nietypowe wn\u0119trze to dla nas nie tylko odwa\u017cny kolor czy oryginalny mebel. To przestrze\u0144, kt\u00f3ra od pocz\u0105tku do ko\u0144ca jest \u201eTwoja\u201d \u2013 odzwierciedlaj\u0105c styl \u017cycia, potrzeby i spos\u00f3b pracy os\u00f3b, kt\u00f3re b\u0119d\u0105 w niej na co dzie\u0144. W Pracowni Flamaster podchodzimy do tego procesu rzeczowo \u2014 wykre\u015blamy to, co zb\u0119dne, podkre\u015blamy to co najwa\u017cniejsze i dodajemy akcenty, kt\u00f3re sprawiaj\u0105, \u017ce wn\u0119trze nabiera niepowtarzalnego charakteru. Dzi\u0119ki nam powstaj\u0105 projekty, kt\u00f3re nie s\u0105 efektem chwilowej mody, ale \u015bwiadomego procesu \u2013 estetyczne, funkcjonalne i zapadaj\u0105ce w pami\u0119\u0107, bo autentyczne.<\/p>\n<ol start=\"10\">\n<li><b> Jak wygl\u0105da proces wsp\u00f3\u0142pracy z projektantem wn\u0119trz?<\/b><\/li>\n<\/ol>\n<p>Wsp\u00f3\u0142prac\u0119 zaczynamy od kr\u00f3tkiej informacji w formie ankiety, w kt\u00f3rej dowiadujemy si\u0119 podstawowych informacji o Twojej przestrzeni, jej powierzchni, przeznaczeniu i swoich oczekiwaniach. Na tej podstawie przygotowujemy <b>wycen\u0119 i termin realizacji.<\/b> Kolejny krok to <b>spotkanie<\/b>, poprzedzone dwoma ankietami: estetycznej i funkcjonalnej, dzi\u0119ki kt\u00f3rym \u0142atwiej doprecyzujesz swoje potrzeby. Podczas spotkania rozmawiamy o inspiracjach, robimy niezb\u0119dne pomiary i ustalamy podstawowe za\u0142o\u017cenia projektu.<\/p>\n<p>Nast\u0119pnie przygotowujemy <b>koncept<\/b>, czyli rysunki funkcjonalne i wst\u0119pne aran\u017cacje, kt\u00f3re omawiamy i dopracowujemy wsp\u00f3lnie z Tob\u0105. Kolejny etap to <b>projekt koncepcyjny<\/b> \u2013 tu pojawiaj\u0105 si\u0119 wizualizacje, moodboardy i propozycje materia\u0142\u00f3w oraz wyposa\u017cenia, kt\u00f3re pozwol\u0105 Ci dok\u0142adnie wyobrazi\u0107 sobie efekt ko\u0144cowy. Po akceptacji przechodzimy do <b>projektu wykonawczego<\/b>, czyli szczeg\u00f3\u0142owej dokumentacji technicznej z rysunkami i wytycznymi dla wykonawc\u00f3w.<\/p>\n<p>Na tym etapie mo\u017cesz zdecydowa\u0107, czy chcesz zako\u0144czy\u0107 wsp\u00f3\u0142prac\u0119 na projekcie, czy te\u017c powierzy\u0107 nam nadz\u00f3r nad realizacj\u0105 i koordynacj\u0119 zakup\u00f3w, zam\u00f3wie\u0144 i ekip wyko\u0144czeniowych oraz organizowanie logistyki dostaw.<\/p>\t\t\t\t\t\t\t\t<\/div>\n\t\t\t\t<\/div>\n\t\t\t\t\t<\/div>\n\t\t\t\t<\/div>\n\t\t\t\t<\/div>","protected":false},"excerpt":{"rendered":"<p>Najcz\u0119stsze pytania naszych klient\u00f3w 1. Kiedy jest najlepszy moment, aby zacz\u0105\u0107 projekt wn\u0119trz? Z naszego do\u015bwiadczenia wynika, \u017ce projekt wn\u0119trz dobrze jest rozpocz\u0105\u0107 od razu, gdy znamy ju\u017c powierzchni\u0119 lokalu i jego funkcje. Im wcze\u015bniej do\u0142\u0105czymy do procesu powstawania przestrzeni, tym lepiej mo\u017cemy zoptymalizowa\u0107 uk\u0142ad funkcjonalny i wprowadzi\u0107 rozwi\u0105zania, kt\u00f3re b\u0119d\u0105 odpowiada\u0107 na potrzeby ich [&hellip;]<\/p>\n","protected":false},"author":1,"featured_media":0,"parent":0,"menu_order":0,"comment_status":"closed","ping_status":"closed","template":"","meta":{"site-sidebar-layout":"no-sidebar","site-content-layout":"page-builder","ast-site-content-layout":"full-width-container","site-content-style":"default","site-sidebar-style":"default","ast-global-header-display":"","ast-banner-title-visibility":"","ast-main-header-display":"","ast-hfb-above-header-display":"","ast-hfb-below-header-display":"","ast-hfb-mobile-header-display":"","site-post-title":"disabled","ast-breadcrumbs-content":"","ast-featured-img":"disabled","footer-sml-layout":"","ast-disable-related-posts":"","theme-transparent-header-meta":"","adv-header-id-meta":"","stick-header-meta":"","header-above-stick-meta":"","header-main-stick-meta":"","header-below-stick-meta":"","astra-migrate-meta-layouts":"set","ast-page-background-enabled":"default","ast-page-background-meta":{"desktop":{"background-color":"var(--ast-global-color-4)","background-image":"","background-repeat":"repeat","background-position":"center center","background-size":"auto","background-attachment":"scroll","background-type":"","background-media":"","overlay-type":"","overlay-color":"","overlay-opacity":"","overlay-gradient":""},"tablet":{"background-color":"","background-image":"","background-repeat":"repeat","background-position":"center center","background-size":"auto","background-attachment":"scroll","background-type":"","background-media":"","overlay-type":"","overlay-color":"","overlay-opacity":"","overlay-gradient":""},"mobile":{"background-color":"","background-image":"","background-repeat":"repeat","background-position":"center center","background-size":"auto","background-attachment":"scroll","background-type":"","background-media":"","overlay-type":"","overlay-color":"","overlay-opacity":"","overlay-gradient":""}},"ast-content-background-meta":{"desktop":{"background-color":"var(--ast-global-color-5)","background-image":"","background-repeat":"repeat","background-position":"center center","background-size":"auto","background-attachment":"scroll","background-type":"","background-media":"","overlay-type":"","overlay-color":"","overlay-opacity":"","overlay-gradient":""},"tablet":{"background-color":"var(--ast-global-color-5)","background-image":"","background-repeat":"repeat","background-position":"center center","background-size":"auto","background-attachment":"scroll","background-type":"","background-media":"","overlay-type":"","overlay-color":"","overlay-opacity":"","overlay-gradient":""},"mobile":{"background-color":"var(--ast-global-color-5)","background-image":"","background-repeat":"repeat","background-position":"center center","background-size":"auto","background-attachment":"scroll","background-type":"","background-media":"","overlay-type":"","overlay-color":"","overlay-opacity":"","overlay-gradient":""}},"footnotes":""},"class_list":["post-3516","page","type-page","status-publish","hentry"],"yoast_head":"<!-- This site is optimized with the Yoast SEO Premium plugin v27.0 (Yoast SEO v27.0) - https:\/\/yoast.com\/product\/yoast-seo-premium-wordpress\/ -->\n<title>FAQ - Flamaster - pracownia projektowania wn\u0119trz<\/title>\n<meta name=\"robots\" content=\"index, follow, max-snippet:-1, max-image-preview:large, max-video-preview:-1\" \/>\n<link rel=\"canonical\" href=\"https:\/\/flamaster.com.pl\/en\/faq\/\" \/>\n<meta property=\"og:locale\" content=\"en_US\" \/>\n<meta property=\"og:type\" content=\"article\" \/>\n<meta property=\"og:title\" content=\"FAQ\" \/>\n<meta property=\"og:description\" content=\"Najcz\u0119stsze pytania naszych klient\u00f3w 1. Kiedy jest najlepszy moment, aby zacz\u0105\u0107 projekt wn\u0119trz? Z naszego do\u015bwiadczenia wynika, \u017ce projekt wn\u0119trz dobrze jest rozpocz\u0105\u0107 od razu, gdy znamy ju\u017c powierzchni\u0119 lokalu i jego funkcje. Im wcze\u015bniej do\u0142\u0105czymy do procesu powstawania przestrzeni, tym lepiej mo\u017cemy zoptymalizowa\u0107 uk\u0142ad funkcjonalny i wprowadzi\u0107 rozwi\u0105zania, kt\u00f3re b\u0119d\u0105 odpowiada\u0107 na potrzeby ich [&hellip;]\" \/>\n<meta property=\"og:url\" content=\"https:\/\/flamaster.com.pl\/en\/faq\/\" \/>\n<meta property=\"og:site_name\" content=\"Flamaster - pracownia projektowania wn\u0119trz\" \/>\n<meta property=\"article:modified_time\" content=\"2025-09-20T12:54:53+00:00\" \/>\n<meta name=\"twitter:card\" content=\"summary_large_image\" \/>\n<meta name=\"twitter:label1\" content=\"Est. reading time\" \/>\n\t<meta name=\"twitter:data1\" content=\"5 minutes\" \/>\n<script type=\"application\/ld+json\" class=\"yoast-schema-graph\">{\"@context\":\"https:\/\/schema.org\",\"@graph\":[{\"@type\":\"WebPage\",\"@id\":\"https:\/\/flamaster.com.pl\/faq\/\",\"url\":\"https:\/\/flamaster.com.pl\/faq\/\",\"name\":\"FAQ - Flamaster - pracownia projektowania wn\u0119trz\",\"isPartOf\":{\"@id\":\"https:\/\/flamaster.com.pl\/#website\"},\"datePublished\":\"2025-09-09T09:25:41+00:00\",\"dateModified\":\"2025-09-20T12:54:53+00:00\",\"breadcrumb\":{\"@id\":\"https:\/\/flamaster.com.pl\/faq\/#breadcrumb\"},\"inLanguage\":\"en-US\",\"potentialAction\":[{\"@type\":\"ReadAction\",\"target\":[\"https:\/\/flamaster.com.pl\/faq\/\"]}]},{\"@type\":\"BreadcrumbList\",\"@id\":\"https:\/\/flamaster.com.pl\/faq\/#breadcrumb\",\"itemListElement\":[{\"@type\":\"ListItem\",\"position\":1,\"name\":\"Strona g\u0142\u00f3wna\",\"item\":\"https:\/\/flamaster.com.pl\/\"},{\"@type\":\"ListItem\",\"position\":2,\"name\":\"FAQ\"}]},{\"@type\":\"WebSite\",\"@id\":\"https:\/\/flamaster.com.pl\/#website\",\"url\":\"https:\/\/flamaster.com.pl\/\",\"name\":\"Flamaster - pracownia projektowania wn\u0119trz\",\"description\":\"Projektujemy funkcjonalne i estetyczne przestrzenie.\",\"publisher\":{\"@id\":\"https:\/\/flamaster.com.pl\/#organization\"},\"potentialAction\":[{\"@type\":\"SearchAction\",\"target\":{\"@type\":\"EntryPoint\",\"urlTemplate\":\"https:\/\/flamaster.com.pl\/?s={search_term_string}\"},\"query-input\":{\"@type\":\"PropertyValueSpecification\",\"valueRequired\":true,\"valueName\":\"search_term_string\"}}],\"inLanguage\":\"en-US\"},{\"@type\":[\"Organization\",\"Place\"],\"@id\":\"https:\/\/flamaster.com.pl\/#organization\",\"name\":\"Flamaster - pracownia projektowania wn\u0119trz i architektury\",\"url\":\"https:\/\/flamaster.com.pl\/\",\"logo\":{\"@id\":\"https:\/\/flamaster.com.pl\/faq\/#local-main-organization-logo\"},\"image\":{\"@id\":\"https:\/\/flamaster.com.pl\/faq\/#local-main-organization-logo\"},\"sameAs\":[\"https:\/\/www.instagram.com\/agata.plackowska\/\"],\"telephone\":[],\"openingHoursSpecification\":[{\"@type\":\"OpeningHoursSpecification\",\"dayOfWeek\":[\"Monday\",\"Tuesday\",\"Wednesday\",\"Thursday\",\"Friday\",\"Saturday\",\"Sunday\"],\"opens\":\"09:00\",\"closes\":\"17:00\"}]},{\"@type\":\"ImageObject\",\"inLanguage\":\"en-US\",\"@id\":\"https:\/\/flamaster.com.pl\/faq\/#local-main-organization-logo\",\"url\":\"https:\/\/flamaster.com.pl\/wp-content\/uploads\/2023\/10\/Projekt-bez-nazwy-2023-10-23T114804.666-1.svg\",\"contentUrl\":\"https:\/\/flamaster.com.pl\/wp-content\/uploads\/2023\/10\/Projekt-bez-nazwy-2023-10-23T114804.666-1.svg\",\"width\":921,\"height\":928,\"caption\":\"Flamaster - pracownia projektowania wn\u0119trz i architektury\"}]}<\/script>\n<!-- \/ Yoast SEO Premium plugin. -->","yoast_head_json":{"title":"FAQ - Flamaster - pracownia projektowania wn\u0119trz","robots":{"index":"index","follow":"follow","max-snippet":"max-snippet:-1","max-image-preview":"max-image-preview:large","max-video-preview":"max-video-preview:-1"},"canonical":"https:\/\/flamaster.com.pl\/en\/faq\/","og_locale":"en_US","og_type":"article","og_title":"FAQ","og_description":"Najcz\u0119stsze pytania naszych klient\u00f3w 1. Kiedy jest najlepszy moment, aby zacz\u0105\u0107 projekt wn\u0119trz? Z naszego do\u015bwiadczenia wynika, \u017ce projekt wn\u0119trz dobrze jest rozpocz\u0105\u0107 od razu, gdy znamy ju\u017c powierzchni\u0119 lokalu i jego funkcje. Im wcze\u015bniej do\u0142\u0105czymy do procesu powstawania przestrzeni, tym lepiej mo\u017cemy zoptymalizowa\u0107 uk\u0142ad funkcjonalny i wprowadzi\u0107 rozwi\u0105zania, kt\u00f3re b\u0119d\u0105 odpowiada\u0107 na potrzeby ich [&hellip;]","og_url":"https:\/\/flamaster.com.pl\/en\/faq\/","og_site_name":"Flamaster - pracownia projektowania wn\u0119trz","article_modified_time":"2025-09-20T12:54:53+00:00","twitter_card":"summary_large_image","twitter_misc":{"Est. reading time":"5 minutes"},"schema":{"@context":"https:\/\/schema.org","@graph":[{"@type":"WebPage","@id":"https:\/\/flamaster.com.pl\/faq\/","url":"https:\/\/flamaster.com.pl\/faq\/","name":"FAQ - Flamaster - pracownia projektowania wn\u0119trz","isPartOf":{"@id":"https:\/\/flamaster.com.pl\/#website"},"datePublished":"2025-09-09T09:25:41+00:00","dateModified":"2025-09-20T12:54:53+00:00","breadcrumb":{"@id":"https:\/\/flamaster.com.pl\/faq\/#breadcrumb"},"inLanguage":"en-US","potentialAction":[{"@type":"ReadAction","target":["https:\/\/flamaster.com.pl\/faq\/"]}]},{"@type":"BreadcrumbList","@id":"https:\/\/flamaster.com.pl\/faq\/#breadcrumb","itemListElement":[{"@type":"ListItem","position":1,"name":"Strona g\u0142\u00f3wna","item":"https:\/\/flamaster.com.pl\/"},{"@type":"ListItem","position":2,"name":"FAQ"}]},{"@type":"WebSite","@id":"https:\/\/flamaster.com.pl\/#website","url":"https:\/\/flamaster.com.pl\/","name":"Flamaster - pracownia projektowania wn\u0119trz","description":"Projektujemy funkcjonalne i estetyczne przestrzenie.","publisher":{"@id":"https:\/\/flamaster.com.pl\/#organization"},"potentialAction":[{"@type":"SearchAction","target":{"@type":"EntryPoint","urlTemplate":"https:\/\/flamaster.com.pl\/?s={search_term_string}"},"query-input":{"@type":"PropertyValueSpecification","valueRequired":true,"valueName":"search_term_string"}}],"inLanguage":"en-US"},{"@type":["Organization","Place"],"@id":"https:\/\/flamaster.com.pl\/#organization","name":"Flamaster - pracownia projektowania wn\u0119trz i architektury","url":"https:\/\/flamaster.com.pl\/","logo":{"@id":"https:\/\/flamaster.com.pl\/faq\/#local-main-organization-logo"},"image":{"@id":"https:\/\/flamaster.com.pl\/faq\/#local-main-organization-logo"},"sameAs":["https:\/\/www.instagram.com\/agata.plackowska\/"],"telephone":[],"openingHoursSpecification":[{"@type":"OpeningHoursSpecification","dayOfWeek":["Monday","Tuesday","Wednesday","Thursday","Friday","Saturday","Sunday"],"opens":"09:00","closes":"17:00"}]},{"@type":"ImageObject","inLanguage":"en-US","@id":"https:\/\/flamaster.com.pl\/faq\/#local-main-organization-logo","url":"https:\/\/flamaster.com.pl\/wp-content\/uploads\/2023\/10\/Projekt-bez-nazwy-2023-10-23T114804.666-1.svg","contentUrl":"https:\/\/flamaster.com.pl\/wp-content\/uploads\/2023\/10\/Projekt-bez-nazwy-2023-10-23T114804.666-1.svg","width":921,"height":928,"caption":"Flamaster - pracownia projektowania wn\u0119trz i architektury"}]}},"_links":{"self":[{"href":"https:\/\/flamaster.com.pl\/en\/wp-json\/wp\/v2\/pages\/3516","targetHints":{"allow":["GET"]}}],"collection":[{"href":"https:\/\/flamaster.com.pl\/en\/wp-json\/wp\/v2\/pages"}],"about":[{"href":"https:\/\/flamaster.com.pl\/en\/wp-json\/wp\/v2\/types\/page"}],"author":[{"embeddable":true,"href":"https:\/\/flamaster.com.pl\/en\/wp-json\/wp\/v2\/users\/1"}],"replies":[{"embeddable":true,"href":"https:\/\/flamaster.com.pl\/en\/wp-json\/wp\/v2\/comments?post=3516"}],"version-history":[{"count":19,"href":"https:\/\/flamaster.com.pl\/en\/wp-json\/wp\/v2\/pages\/3516\/revisions"}],"predecessor-version":[{"id":3617,"href":"https:\/\/flamaster.com.pl\/en\/wp-json\/wp\/v2\/pages\/3516\/revisions\/3617"}],"wp:attachment":[{"href":"https:\/\/flamaster.com.pl\/en\/wp-json\/wp\/v2\/media?parent=3516"}],"curies":[{"name":"wp","href":"https:\/\/api.w.org\/{rel}","templated":true}]}}