{"id":35,"date":"2023-06-21T11:13:24","date_gmt":"2023-06-21T10:13:24","guid":{"rendered":"https:\/?page_id=35"},"modified":"2025-12-05T13:06:22","modified_gmt":"2025-12-05T12:06:22","slug":"koordynacja-realizacji","status":"publish","type":"page","link":"https:\/\/flamaster.com.pl\/en\/koordynacja-realizacji\/","title":{"rendered":"Project Coordination"},"content":{"rendered":"<div data-elementor-type=\"wp-page\" data-elementor-id=\"35\" class=\"elementor elementor-35\" data-elementor-post-type=\"page\">\n\t\t\t\t<div class=\"elementor-element elementor-element-101ab42 e-flex e-con-boxed e-con e-parent\" data-id=\"101ab42\" data-element_type=\"container\" data-e-type=\"container\" data-settings=\"{&quot;background_background&quot;:&quot;classic&quot;}\">\n\t\t\t\t\t<div class=\"e-con-inner\">\n\t\t<div class=\"elementor-element elementor-element-a147542 e-con-full e-flex e-con e-child\" data-id=\"a147542\" data-element_type=\"container\" data-e-type=\"container\">\n\t\t\t\t<div class=\"elementor-element elementor-element-5ba455d elementor-widget elementor-widget-heading\" data-id=\"5ba455d\" data-element_type=\"widget\" data-e-type=\"widget\" data-widget_type=\"heading.default\">\n\t\t\t\t<div class=\"elementor-widget-container\">\n\t\t\t\t\t<h1 class=\"elementor-heading-title elementor-size-default\">Project Coordination<\/h1>\t\t\t\t<\/div>\n\t\t\t\t<\/div>\n\t\t\t\t<div class=\"elementor-element elementor-element-d79f1a5 elementor-widget elementor-widget-text-editor\" data-id=\"d79f1a5\" data-element_type=\"widget\" data-e-type=\"widget\" data-widget_type=\"text-editor.default\">\n\t\t\t\t<div class=\"elementor-widget-container\">\n\t\t\t\t\t\t\t\t\t<p>Wyobra\u017a sobie moment, w kt\u00f3rym rysunek na papierze staje si\u0119 rzeczywisto\u015bci\u0105. Przestrze\u0144, kt\u00f3ra jeszcze wczoraj istnia\u0142a tylko w wizualizacjach i szkicach, nagle wype\u0142nia si\u0119 \u015bwiat\u0142em, materia\u0142ami, kolorami i przedmiotami. To w\u0142a\u015bnie tutaj zaczyna si\u0119 nasza rola \u2013 koordynacja realizacji projektu, kt\u00f3ra sprawia, \u017ce koncepcja o\u017cywa, a chaos przemienia si\u0119 w sp\u00f3jno\u015b\u0107.<\/p>\t\t\t\t\t\t\t\t<\/div>\n\t\t\t\t<\/div>\n\t\t\t\t<div class=\"elementor-element elementor-element-dfd708a elementor-align-center elementor-widget elementor-widget-button\" data-id=\"dfd708a\" data-element_type=\"widget\" data-e-type=\"widget\" data-widget_type=\"button.default\">\n\t\t\t\t<div class=\"elementor-widget-container\">\n\t\t\t\t\t\t\t\t\t<div class=\"elementor-button-wrapper\">\n\t\t\t\t\t<a class=\"elementor-button elementor-size-sm\" role=\"button\">\n\t\t\t\t\t\t<span class=\"elementor-button-content-wrapper\">\n\t\t\t\t\t\t\t\t\t<span class=\"elementor-button-text\">Start the Conversation<\/span>\n\t\t\t\t\t<\/span>\n\t\t\t\t\t<\/a>\n\t\t\t\t<\/div>\n\t\t\t\t\t\t\t\t<\/div>\n\t\t\t\t<\/div>\n\t\t\t\t<\/div>\n\t\t\t\t\t<\/div>\n\t\t\t\t<\/div>\n\t\t<div class=\"elementor-element elementor-element-bef2708 e-flex e-con-boxed e-con e-parent\" data-id=\"bef2708\" data-element_type=\"container\" data-e-type=\"container\" data-settings=\"{&quot;background_background&quot;:&quot;classic&quot;}\">\n\t\t\t\t\t<div class=\"e-con-inner\">\n\t\t<div class=\"elementor-element elementor-element-521b28f e-con-full e-flex e-con e-child\" data-id=\"521b28f\" data-element_type=\"container\" data-e-type=\"container\">\n\t\t\t\t<div class=\"elementor-element elementor-element-8fa296c elementor-widget elementor-widget-image\" data-id=\"8fa296c\" data-element_type=\"widget\" data-e-type=\"widget\" data-widget_type=\"image.default\">\n\t\t\t\t<div class=\"elementor-widget-container\">\n\t\t\t\t\t\t\t\t\t\t\t\t\t\t\t<img fetchpriority=\"high\" decoding=\"async\" width=\"1024\" height=\"684\" src=\"https:\/\/flamaster.com.pl\/wp-content\/uploads\/2023\/11\/WAK_6538-1-1-1024x684.jpg\" class=\"attachment-large size-large wp-image-2122\" alt=\"\" srcset=\"https:\/\/flamaster.com.pl\/wp-content\/uploads\/2023\/11\/WAK_6538-1-1-1024x684.jpg 1024w, https:\/\/flamaster.com.pl\/wp-content\/uploads\/2023\/11\/WAK_6538-1-1-300x200.jpg 300w, https:\/\/flamaster.com.pl\/wp-content\/uploads\/2023\/11\/WAK_6538-1-1-768x513.jpg 768w, https:\/\/flamaster.com.pl\/wp-content\/uploads\/2023\/11\/WAK_6538-1-1.jpg 1200w\" sizes=\"(max-width: 1024px) 100vw, 1024px\" \/>\t\t\t\t\t\t\t\t\t\t\t\t\t\t\t<\/div>\n\t\t\t\t<\/div>\n\t\t\t\t<\/div>\n\t\t<div class=\"elementor-element elementor-element-6476717 e-con-full e-flex e-con e-child\" data-id=\"6476717\" data-element_type=\"container\" data-e-type=\"container\">\n\t\t\t\t<div class=\"elementor-element elementor-element-b49eb9a elementor-widget elementor-widget-heading\" data-id=\"b49eb9a\" data-element_type=\"widget\" data-e-type=\"widget\" data-widget_type=\"heading.default\">\n\t\t\t\t<div class=\"elementor-widget-container\">\n\t\t\t\t\t<h2 class=\"elementor-heading-title elementor-size-default\">Prawie 20 lat do\u015bwiadczenia<\/h2>\t\t\t\t<\/div>\n\t\t\t\t<\/div>\n\t\t\t\t<div class=\"elementor-element elementor-element-a392149 elementor-widget elementor-widget-heading\" data-id=\"a392149\" data-element_type=\"widget\" data-e-type=\"widget\" data-widget_type=\"heading.default\">\n\t\t\t\t<div class=\"elementor-widget-container\">\n\t\t\t\t\t<h6 class=\"elementor-heading-title elementor-size-default\">Chcemy, aby Twoja inwestycja mia\u0142a sens. <\/h6>\t\t\t\t<\/div>\n\t\t\t\t<\/div>\n\t\t\t\t<div class=\"elementor-element elementor-element-19c2adb elementor-widget elementor-widget-text-editor\" data-id=\"19c2adb\" data-element_type=\"widget\" data-e-type=\"widget\" data-widget_type=\"text-editor.default\">\n\t\t\t\t<div class=\"elementor-widget-container\">\n\t\t\t\t\t\t\t\t\tKoordynujemy nasze projekty na budowie, realizujemy wyko\u0144czenia wn\u0119trz od A do Z i jeste\u015bmy w tym dobrzy. <span style=\"font-weight: 400;\">Nie robimy tanizny, nie b\u0119dziemy marnotrawi\u0107 Twoich pieni\u0119dzy na liche rozwi\u0105zania. Projektujemy, wyceniamy, organizujemy i koordynujemy remont, trzymamy bud\u017cet w ryzach. Dzia\u0142amy na terenie Krakowa i okolic.<\/span> \t\t\t\t\t\t\t\t<\/div>\n\t\t\t\t<\/div>\n\t\t\t\t<div class=\"elementor-element elementor-element-8ee40e2 elementor-widget elementor-widget-text-editor\" data-id=\"8ee40e2\" data-element_type=\"widget\" data-e-type=\"widget\" data-widget_type=\"text-editor.default\">\n\t\t\t\t<div class=\"elementor-widget-container\">\n\t\t\t\t\t\t\t\t\t<span style=\"font-weight: 400;\">Je\u015bli jeste\u015b zainteresowany, um\u00f3w si\u0119 na 15 min. bezp\u0142atnej rozmowy.<\/span>  \t\t\t\t\t\t\t\t<\/div>\n\t\t\t\t<\/div>\n\t\t\t\t<div class=\"elementor-element elementor-element-873302c elementor-align-left elementor-widget elementor-widget-button\" data-id=\"873302c\" data-element_type=\"widget\" data-e-type=\"widget\" data-widget_type=\"button.default\">\n\t\t\t\t<div class=\"elementor-widget-container\">\n\t\t\t\t\t\t\t\t\t<div class=\"elementor-button-wrapper\">\n\t\t\t\t\t<a class=\"elementor-button elementor-button-link elementor-size-sm\" href=\"#\">\n\t\t\t\t\t\t<span class=\"elementor-button-content-wrapper\">\n\t\t\t\t\t\t\t\t\t<span class=\"elementor-button-text\">Start the Conversation<\/span>\n\t\t\t\t\t<\/span>\n\t\t\t\t\t<\/a>\n\t\t\t\t<\/div>\n\t\t\t\t\t\t\t\t<\/div>\n\t\t\t\t<\/div>\n\t\t\t\t<\/div>\n\t\t\t\t\t<\/div>\n\t\t\t\t<\/div>\n\t\t<div class=\"elementor-element elementor-element-ba9dc60 e-flex e-con-boxed e-con e-parent\" data-id=\"ba9dc60\" data-element_type=\"container\" data-e-type=\"container\">\n\t\t\t\t\t<div class=\"e-con-inner\">\n\t\t\t\t<div class=\"elementor-element elementor-element-cc800d9 elementor-widget elementor-widget-text-editor\" data-id=\"cc800d9\" data-element_type=\"widget\" data-e-type=\"widget\" data-widget_type=\"text-editor.default\">\n\t\t\t\t<div class=\"elementor-widget-container\">\n\t\t\t\t\t\t\t\t\t<h2>Od pomys\u0142u do \u017cycia \u2013 ka\u017cdy etap pod kontrol\u0105<\/h2>\n<p>W pracowni Flamaster ka\u017cdy element wn\u0119trza jest wynikiem przemy\u015blanej decyzji i skrupulatnego planowania.&nbsp;<\/p><p>Opr\u00f3cz nadzor\u00f3w autorskich, na \u017cyczenie Klienta, pe\u0142nimy rol\u0119 inwestora zast\u0119pczego. Przejmujemy odpowiedzialno\u015b\u0107 za wszystkie etapy realizacji \u2013 od zamawiania materia\u0142\u00f3w, przez kontakt z wykonawcami, bytno\u015b\u0107 na budowie, sprawdzanie post\u0119pu prac i zarz\u0105dzanie bud\u017cetem.<\/p>\n<p>Proces koordynacji to nie sucha lista zada\u0144 \u2013 to opowie\u015b\u0107 o tym, jak powstaje przestrze\u0144, kt\u00f3r\u0105 inwestorzy b\u0119d\u0105 u\u017cytkowa\u0107.<\/p>\n<h2>Wsp\u00f3\u0142praca, przewidywanie i rozwi\u0105zywanie problem\u00f3w<\/h2>\n<p>Ka\u017cdy projekt to inna historia. Czasem jest to adaptacja starego, zabytkowego wn\u0119trza, gdzie ka\u017cdy fragment \u015bciany i detal stolarki kryje swoj\u0105 opowie\u015b\u0107. Innym razem to nowoczesne biuro, w kt\u00f3rym gra \u015bwiat\u0142a i wykorzystane materia\u0142y buduj\u0105 rytm dnia, a nawet wp\u0142ywaj\u0105 na klimat spotka\u0144 i nastr\u00f3j ich uczestnik\u00f3w.<\/p>\n<p>Nasze zadanie to wydoby\u0107 charakter lokalu i wykorzysta\u0107 go w ca\u0142ym projekcie, tworz\u0105c miejsca zgodne z potrzebami klient\u00f3w.<\/p>\n<p>Budowa czy remont wn\u0119trza to jak prowadzenie orkiestry \u2013 ka\u017cdy wykonawca, mebel i decyzja musz\u0105 wsp\u00f3\u0142gra\u0107, \u017ceby powsta\u0142a sp\u00f3jna ca\u0142o\u015b\u0107. My jeste\u015bmy dyrygentem tego procesu. Rozpoznajemy potencjalne trudno\u015bci, zanim si\u0119 pojawi\u0105, proponujemy alternatywy, rozwa\u017camy konsekwencje ka\u017cdego wyboru. Dzi\u0119ki temu mo\u017cesz spokojnie skupi\u0107 si\u0119 na swojej pracy czy \u017cyciu, a my zajmiemy si\u0119 tym, co cz\u0119sto wymaga setek telefon\u00f3w, trudnych decyzji i szybkiej reakcji na nieprzewidziane sytuacje.<\/p>\n<h2>Sp\u00f3jno\u015b\u0107 wizji i efekt ko\u0144cowy<\/h2>\n<p>Kiedy wszystkie elementy s\u0105 ju\u017c na miejscu, nadchodzi moment, w kt\u00f3rym wizja nabiera realnych kszta\u0142t\u00f3w. Dzi\u0119ki starannie prowadzonej koordynacji powstaje wn\u0119trze, kt\u00f3re nie tylko wygl\u0105da pi\u0119knie, ale \u201e\u017cyje\u201d razem z u\u017cytkownikami.<\/p>\n<p>Efekt ko\u0144cowy to balans mi\u0119dzy pomys\u0142em, u\u017cyteczno\u015bci\u0105 a estetyk\u0105, kt\u00f3ry sprawia, \u017ce ka\u017cdy dzie\u0144 sp\u0119dzony w nowej przestrzeni jest przyjemno\u015bci\u0105. Dla nas koordynacja realizacji to umiej\u0119tno\u015b\u0107 \u0142\u0105czenia oczekiwa\u0144, planu, ludzi i detali w jedno sp\u00f3jne, inspiruj\u0105ce wn\u0119trze.<\/p>\n<p><\/p>\t\t\t\t\t\t\t\t<\/div>\n\t\t\t\t<\/div>\n\t\t\t\t\t<\/div>\n\t\t\t\t<\/div>\n\t\t\t\t<\/div>","protected":false},"excerpt":{"rendered":"<p>Koordynacja realizacji Wyobra\u017a sobie moment, w kt\u00f3rym rysunek na papierze staje si\u0119 rzeczywisto\u015bci\u0105. Przestrze\u0144, kt\u00f3ra jeszcze wczoraj istnia\u0142a tylko w wizualizacjach i szkicach, nagle wype\u0142nia si\u0119 \u015bwiat\u0142em, materia\u0142ami, kolorami i przedmiotami. To w\u0142a\u015bnie tutaj zaczyna si\u0119 nasza rola \u2013 koordynacja realizacji projektu, kt\u00f3ra sprawia, \u017ce koncepcja o\u017cywa, a chaos przemienia si\u0119 w sp\u00f3jno\u015b\u0107. odezwij si\u0119 [&hellip;]<\/p>\n","protected":false},"author":1,"featured_media":0,"parent":0,"menu_order":0,"comment_status":"closed","ping_status":"closed","template":"","meta":{"site-sidebar-layout":"no-sidebar","site-content-layout":"page-builder","ast-site-content-layout":"full-width-container","site-content-style":"default","site-sidebar-style":"default","ast-global-header-display":"","ast-banner-title-visibility":"","ast-main-header-display":"","ast-hfb-above-header-display":"","ast-hfb-below-header-display":"","ast-hfb-mobile-header-display":"","site-post-title":"disabled","ast-breadcrumbs-content":"","ast-featured-img":"disabled","footer-sml-layout":"","ast-disable-related-posts":"","theme-transparent-header-meta":"","adv-header-id-meta":"","stick-header-meta":"","header-above-stick-meta":"","header-main-stick-meta":"","header-below-stick-meta":"","astra-migrate-meta-layouts":"set","ast-page-background-enabled":"default","ast-page-background-meta":{"desktop":{"background-color":"var(--ast-global-color-4)","background-image":"","background-repeat":"repeat","background-position":"center center","background-size":"auto","background-attachment":"scroll","background-type":"","background-media":"","overlay-type":"","overlay-color":"","overlay-opacity":"","overlay-gradient":""},"tablet":{"background-color":"","background-image":"","background-repeat":"repeat","background-position":"center center","background-size":"auto","background-attachment":"scroll","background-type":"","background-media":"","overlay-type":"","overlay-color":"","overlay-opacity":"","overlay-gradient":""},"mobile":{"background-color":"","background-image":"","background-repeat":"repeat","background-position":"center center","background-size":"auto","background-attachment":"scroll","background-type":"","background-media":"","overlay-type":"","overlay-color":"","overlay-opacity":"","overlay-gradient":""}},"ast-content-background-meta":{"desktop":{"background-color":"var(--ast-global-color-5)","background-image":"","background-repeat":"repeat","background-position":"center center","background-size":"auto","background-attachment":"scroll","background-type":"","background-media":"","overlay-type":"","overlay-color":"","overlay-opacity":"","overlay-gradient":""},"tablet":{"background-color":"var(--ast-global-color-5)","background-image":"","background-repeat":"repeat","background-position":"center center","background-size":"auto","background-attachment":"scroll","background-type":"","background-media":"","overlay-type":"","overlay-color":"","overlay-opacity":"","overlay-gradient":""},"mobile":{"background-color":"var(--ast-global-color-5)","background-image":"","background-repeat":"repeat","background-position":"center center","background-size":"auto","background-attachment":"scroll","background-type":"","background-media":"","overlay-type":"","overlay-color":"","overlay-opacity":"","overlay-gradient":""}},"footnotes":""},"class_list":["post-35","page","type-page","status-publish","hentry"],"yoast_head":"<!-- This site is optimized with the Yoast SEO Premium plugin v27.0 (Yoast SEO v27.0) - https:\/\/yoast.com\/product\/yoast-seo-premium-wordpress\/ -->\n<title>Koordynacja realizacji - Flamaster - pracownia projektowania wn\u0119trz<\/title>\n<meta name=\"robots\" content=\"index, follow, max-snippet:-1, max-image-preview:large, max-video-preview:-1\" \/>\n<link rel=\"canonical\" href=\"https:\/\/flamaster.com.pl\/en\/koordynacja-realizacji\/\" \/>\n<meta property=\"og:locale\" content=\"en_US\" \/>\n<meta property=\"og:type\" content=\"article\" \/>\n<meta property=\"og:title\" content=\"Koordynacja realizacji\" \/>\n<meta property=\"og:description\" content=\"Koordynacja realizacji Wyobra\u017a sobie moment, w kt\u00f3rym rysunek na papierze staje si\u0119 rzeczywisto\u015bci\u0105. Przestrze\u0144, kt\u00f3ra jeszcze wczoraj istnia\u0142a tylko w wizualizacjach i szkicach, nagle wype\u0142nia si\u0119 \u015bwiat\u0142em, materia\u0142ami, kolorami i przedmiotami. To w\u0142a\u015bnie tutaj zaczyna si\u0119 nasza rola \u2013 koordynacja realizacji projektu, kt\u00f3ra sprawia, \u017ce koncepcja o\u017cywa, a chaos przemienia si\u0119 w sp\u00f3jno\u015b\u0107. odezwij si\u0119 [&hellip;]\" \/>\n<meta property=\"og:url\" content=\"https:\/\/flamaster.com.pl\/en\/koordynacja-realizacji\/\" \/>\n<meta property=\"og:site_name\" content=\"Flamaster - pracownia projektowania wn\u0119trz\" \/>\n<meta property=\"article:modified_time\" content=\"2025-12-05T12:06:22+00:00\" \/>\n<meta property=\"og:image\" content=\"https:\/\/flamaster.com.pl\/wp-content\/uploads\/2023\/11\/WAK_6538-1-1-1024x684.jpg\" \/>\n<meta name=\"twitter:card\" content=\"summary_large_image\" \/>\n<meta name=\"twitter:label1\" content=\"Est. reading time\" \/>\n\t<meta name=\"twitter:data1\" content=\"3 minutes\" \/>\n<script type=\"application\/ld+json\" class=\"yoast-schema-graph\">{\"@context\":\"https:\/\/schema.org\",\"@graph\":[{\"@type\":\"WebPage\",\"@id\":\"https:\/\/flamaster.com.pl\/koordynacja-realizacji\/\",\"url\":\"https:\/\/flamaster.com.pl\/koordynacja-realizacji\/\",\"name\":\"Koordynacja realizacji - Flamaster - pracownia projektowania wn\u0119trz\",\"isPartOf\":{\"@id\":\"https:\/\/flamaster.com.pl\/#website\"},\"primaryImageOfPage\":{\"@id\":\"https:\/\/flamaster.com.pl\/koordynacja-realizacji\/#primaryimage\"},\"image\":{\"@id\":\"https:\/\/flamaster.com.pl\/koordynacja-realizacji\/#primaryimage\"},\"thumbnailUrl\":\"https:\/\/flamaster.com.pl\/wp-content\/uploads\/2023\/11\/WAK_6538-1-1-1024x684.jpg\",\"datePublished\":\"2023-06-21T10:13:24+00:00\",\"dateModified\":\"2025-12-05T12:06:22+00:00\",\"breadcrumb\":{\"@id\":\"https:\/\/flamaster.com.pl\/koordynacja-realizacji\/#breadcrumb\"},\"inLanguage\":\"en-US\",\"potentialAction\":[{\"@type\":\"ReadAction\",\"target\":[\"https:\/\/flamaster.com.pl\/koordynacja-realizacji\/\"]}]},{\"@type\":\"ImageObject\",\"inLanguage\":\"en-US\",\"@id\":\"https:\/\/flamaster.com.pl\/koordynacja-realizacji\/#primaryimage\",\"url\":\"https:\/\/flamaster.com.pl\/wp-content\/uploads\/2023\/11\/WAK_6538-1-1-1024x684.jpg\",\"contentUrl\":\"https:\/\/flamaster.com.pl\/wp-content\/uploads\/2023\/11\/WAK_6538-1-1-1024x684.jpg\"},{\"@type\":\"BreadcrumbList\",\"@id\":\"https:\/\/flamaster.com.pl\/koordynacja-realizacji\/#breadcrumb\",\"itemListElement\":[{\"@type\":\"ListItem\",\"position\":1,\"name\":\"Strona g\u0142\u00f3wna\",\"item\":\"https:\/\/flamaster.com.pl\/\"},{\"@type\":\"ListItem\",\"position\":2,\"name\":\"Koordynacja realizacji\"}]},{\"@type\":\"WebSite\",\"@id\":\"https:\/\/flamaster.com.pl\/#website\",\"url\":\"https:\/\/flamaster.com.pl\/\",\"name\":\"Flamaster - pracownia projektowania wn\u0119trz\",\"description\":\"Projektujemy funkcjonalne i estetyczne przestrzenie.\",\"publisher\":{\"@id\":\"https:\/\/flamaster.com.pl\/#organization\"},\"potentialAction\":[{\"@type\":\"SearchAction\",\"target\":{\"@type\":\"EntryPoint\",\"urlTemplate\":\"https:\/\/flamaster.com.pl\/?s={search_term_string}\"},\"query-input\":{\"@type\":\"PropertyValueSpecification\",\"valueRequired\":true,\"valueName\":\"search_term_string\"}}],\"inLanguage\":\"en-US\"},{\"@type\":[\"Organization\",\"Place\"],\"@id\":\"https:\/\/flamaster.com.pl\/#organization\",\"name\":\"Flamaster - pracownia projektowania wn\u0119trz i architektury\",\"url\":\"https:\/\/flamaster.com.pl\/\",\"logo\":{\"@id\":\"https:\/\/flamaster.com.pl\/koordynacja-realizacji\/#local-main-organization-logo\"},\"image\":{\"@id\":\"https:\/\/flamaster.com.pl\/koordynacja-realizacji\/#local-main-organization-logo\"},\"sameAs\":[\"https:\/\/www.instagram.com\/agata.plackowska\/\"],\"telephone\":[],\"openingHoursSpecification\":[{\"@type\":\"OpeningHoursSpecification\",\"dayOfWeek\":[\"Monday\",\"Tuesday\",\"Wednesday\",\"Thursday\",\"Friday\",\"Saturday\",\"Sunday\"],\"opens\":\"09:00\",\"closes\":\"17:00\"}]},{\"@type\":\"ImageObject\",\"inLanguage\":\"en-US\",\"@id\":\"https:\/\/flamaster.com.pl\/koordynacja-realizacji\/#local-main-organization-logo\",\"url\":\"https:\/\/flamaster.com.pl\/wp-content\/uploads\/2023\/10\/Projekt-bez-nazwy-2023-10-23T114804.666-1.svg\",\"contentUrl\":\"https:\/\/flamaster.com.pl\/wp-content\/uploads\/2023\/10\/Projekt-bez-nazwy-2023-10-23T114804.666-1.svg\",\"width\":921,\"height\":928,\"caption\":\"Flamaster - pracownia projektowania wn\u0119trz i architektury\"}]}<\/script>\n<!-- \/ Yoast SEO Premium plugin. -->","yoast_head_json":{"title":"Koordynacja realizacji - Flamaster - pracownia projektowania wn\u0119trz","robots":{"index":"index","follow":"follow","max-snippet":"max-snippet:-1","max-image-preview":"max-image-preview:large","max-video-preview":"max-video-preview:-1"},"canonical":"https:\/\/flamaster.com.pl\/en\/koordynacja-realizacji\/","og_locale":"en_US","og_type":"article","og_title":"Koordynacja realizacji","og_description":"Koordynacja realizacji Wyobra\u017a sobie moment, w kt\u00f3rym rysunek na papierze staje si\u0119 rzeczywisto\u015bci\u0105. Przestrze\u0144, kt\u00f3ra jeszcze wczoraj istnia\u0142a tylko w wizualizacjach i szkicach, nagle wype\u0142nia si\u0119 \u015bwiat\u0142em, materia\u0142ami, kolorami i przedmiotami. To w\u0142a\u015bnie tutaj zaczyna si\u0119 nasza rola \u2013 koordynacja realizacji projektu, kt\u00f3ra sprawia, \u017ce koncepcja o\u017cywa, a chaos przemienia si\u0119 w sp\u00f3jno\u015b\u0107. odezwij si\u0119 [&hellip;]","og_url":"https:\/\/flamaster.com.pl\/en\/koordynacja-realizacji\/","og_site_name":"Flamaster - pracownia projektowania wn\u0119trz","article_modified_time":"2025-12-05T12:06:22+00:00","og_image":[{"url":"https:\/\/flamaster.com.pl\/wp-content\/uploads\/2023\/11\/WAK_6538-1-1-1024x684.jpg","type":"","width":"","height":""}],"twitter_card":"summary_large_image","twitter_misc":{"Est. reading time":"3 minutes"},"schema":{"@context":"https:\/\/schema.org","@graph":[{"@type":"WebPage","@id":"https:\/\/flamaster.com.pl\/koordynacja-realizacji\/","url":"https:\/\/flamaster.com.pl\/koordynacja-realizacji\/","name":"Koordynacja realizacji - Flamaster - pracownia projektowania wn\u0119trz","isPartOf":{"@id":"https:\/\/flamaster.com.pl\/#website"},"primaryImageOfPage":{"@id":"https:\/\/flamaster.com.pl\/koordynacja-realizacji\/#primaryimage"},"image":{"@id":"https:\/\/flamaster.com.pl\/koordynacja-realizacji\/#primaryimage"},"thumbnailUrl":"https:\/\/flamaster.com.pl\/wp-content\/uploads\/2023\/11\/WAK_6538-1-1-1024x684.jpg","datePublished":"2023-06-21T10:13:24+00:00","dateModified":"2025-12-05T12:06:22+00:00","breadcrumb":{"@id":"https:\/\/flamaster.com.pl\/koordynacja-realizacji\/#breadcrumb"},"inLanguage":"en-US","potentialAction":[{"@type":"ReadAction","target":["https:\/\/flamaster.com.pl\/koordynacja-realizacji\/"]}]},{"@type":"ImageObject","inLanguage":"en-US","@id":"https:\/\/flamaster.com.pl\/koordynacja-realizacji\/#primaryimage","url":"https:\/\/flamaster.com.pl\/wp-content\/uploads\/2023\/11\/WAK_6538-1-1-1024x684.jpg","contentUrl":"https:\/\/flamaster.com.pl\/wp-content\/uploads\/2023\/11\/WAK_6538-1-1-1024x684.jpg"},{"@type":"BreadcrumbList","@id":"https:\/\/flamaster.com.pl\/koordynacja-realizacji\/#breadcrumb","itemListElement":[{"@type":"ListItem","position":1,"name":"Strona g\u0142\u00f3wna","item":"https:\/\/flamaster.com.pl\/"},{"@type":"ListItem","position":2,"name":"Koordynacja realizacji"}]},{"@type":"WebSite","@id":"https:\/\/flamaster.com.pl\/#website","url":"https:\/\/flamaster.com.pl\/","name":"Flamaster - pracownia projektowania wn\u0119trz","description":"Projektujemy funkcjonalne i estetyczne przestrzenie.","publisher":{"@id":"https:\/\/flamaster.com.pl\/#organization"},"potentialAction":[{"@type":"SearchAction","target":{"@type":"EntryPoint","urlTemplate":"https:\/\/flamaster.com.pl\/?s={search_term_string}"},"query-input":{"@type":"PropertyValueSpecification","valueRequired":true,"valueName":"search_term_string"}}],"inLanguage":"en-US"},{"@type":["Organization","Place"],"@id":"https:\/\/flamaster.com.pl\/#organization","name":"Flamaster - pracownia projektowania wn\u0119trz i architektury","url":"https:\/\/flamaster.com.pl\/","logo":{"@id":"https:\/\/flamaster.com.pl\/koordynacja-realizacji\/#local-main-organization-logo"},"image":{"@id":"https:\/\/flamaster.com.pl\/koordynacja-realizacji\/#local-main-organization-logo"},"sameAs":["https:\/\/www.instagram.com\/agata.plackowska\/"],"telephone":[],"openingHoursSpecification":[{"@type":"OpeningHoursSpecification","dayOfWeek":["Monday","Tuesday","Wednesday","Thursday","Friday","Saturday","Sunday"],"opens":"09:00","closes":"17:00"}]},{"@type":"ImageObject","inLanguage":"en-US","@id":"https:\/\/flamaster.com.pl\/koordynacja-realizacji\/#local-main-organization-logo","url":"https:\/\/flamaster.com.pl\/wp-content\/uploads\/2023\/10\/Projekt-bez-nazwy-2023-10-23T114804.666-1.svg","contentUrl":"https:\/\/flamaster.com.pl\/wp-content\/uploads\/2023\/10\/Projekt-bez-nazwy-2023-10-23T114804.666-1.svg","width":921,"height":928,"caption":"Flamaster - pracownia projektowania wn\u0119trz i architektury"}]}},"_links":{"self":[{"href":"https:\/\/flamaster.com.pl\/en\/wp-json\/wp\/v2\/pages\/35","targetHints":{"allow":["GET"]}}],"collection":[{"href":"https:\/\/flamaster.com.pl\/en\/wp-json\/wp\/v2\/pages"}],"about":[{"href":"https:\/\/flamaster.com.pl\/en\/wp-json\/wp\/v2\/types\/page"}],"author":[{"embeddable":true,"href":"https:\/\/flamaster.com.pl\/en\/wp-json\/wp\/v2\/users\/1"}],"replies":[{"embeddable":true,"href":"https:\/\/flamaster.com.pl\/en\/wp-json\/wp\/v2\/comments?post=35"}],"version-history":[{"count":28,"href":"https:\/\/flamaster.com.pl\/en\/wp-json\/wp\/v2\/pages\/35\/revisions"}],"predecessor-version":[{"id":3965,"href":"https:\/\/flamaster.com.pl\/en\/wp-json\/wp\/v2\/pages\/35\/revisions\/3965"}],"wp:attachment":[{"href":"https:\/\/flamaster.com.pl\/en\/wp-json\/wp\/v2\/media?parent=35"}],"curies":[{"name":"wp","href":"https:\/\/api.w.org\/{rel}","templated":true}]}}