{"id":1755,"date":"2023-10-26T12:03:06","date_gmt":"2023-10-26T11:03:06","guid":{"rendered":"https:\/?page_id=1755"},"modified":"2026-02-18T15:54:11","modified_gmt":"2026-02-18T14:54:11","slug":"projekt-wnetrz","status":"publish","type":"page","link":"https:\/\/flamaster.com.pl\/en\/projekt-wnetrz\/","title":{"rendered":"Tailored Interior Design"},"content":{"rendered":"<div data-elementor-type=\"wp-page\" data-elementor-id=\"1755\" class=\"elementor elementor-1755\" data-elementor-post-type=\"page\">\n\t\t\t\t<div class=\"elementor-element elementor-element-05187b7 e-flex e-con-boxed e-con e-parent\" data-id=\"05187b7\" data-element_type=\"container\" data-e-type=\"container\" data-settings=\"{&quot;background_background&quot;:&quot;classic&quot;}\">\n\t\t\t\t\t<div class=\"e-con-inner\">\n\t\t<div class=\"elementor-element elementor-element-c37eb23 e-con-full e-flex e-con e-child\" data-id=\"c37eb23\" data-element_type=\"container\" data-e-type=\"container\">\n\t\t\t\t<div class=\"elementor-element elementor-element-c51bec0 elementor-widget elementor-widget-heading\" data-id=\"c51bec0\" data-element_type=\"widget\" data-e-type=\"widget\" data-widget_type=\"heading.default\">\n\t\t\t\t<div class=\"elementor-widget-container\">\n\t\t\t\t\t<h1 class=\"elementor-heading-title elementor-size-default\">Projekt wn\u0119trz \u2013 rozwi\u0105zania, kt\u00f3re dzia\u0142aj\u0105<\/h1>\t\t\t\t<\/div>\n\t\t\t\t<\/div>\n\t\t\t\t<div class=\"elementor-element elementor-element-b619bf6 elementor-widget elementor-widget-text-editor\" data-id=\"b619bf6\" data-element_type=\"widget\" data-e-type=\"widget\" data-widget_type=\"text-editor.default\">\n\t\t\t\t<div class=\"elementor-widget-container\">\n\t\t\t\t\t\t\t\t\t<p>Zastanawiasz si\u0119, czy Twoje biuro odpowiada na potrzeby pracownik\u00f3w i robi dobre wra\u017cenie na partnerach biznesowych?<\/p><p>Nie wiesz, czy inwestycja w nieruchomo\u015b\u0107 si\u0119 op\u0142aci i czy w razie potrzeby b\u0119dziesz m\u00f3g\u0142 \u0142atwo przearan\u017cowa\u0107 przestrze\u0144, je\u015bli co\u015b nie wyjdzie?<\/p><p>A mo\u017ce Tw\u00f3j dom nie do ko\u0144ca odpowiada rytmowi \u017cycia rodziny, a remont wydaje Ci si\u0119 chaosem nie do ogarni\u0119cia?<\/p><p>Dobrze trafi\u0142e\u015b! W Pracowni Flamaster odpowiadamy na Twoje w\u0105tpliwo\u015bci profesjonalnym wsparciem i przemy\u015blanym procesem projektowym.<\/p>\t\t\t\t\t\t\t\t<\/div>\n\t\t\t\t<\/div>\n\t\t\t\t<div class=\"elementor-element elementor-element-bcd44b9 elementor-align-center elementor-widget elementor-widget-button\" data-id=\"bcd44b9\" data-element_type=\"widget\" data-e-type=\"widget\" data-widget_type=\"button.default\">\n\t\t\t\t<div class=\"elementor-widget-container\">\n\t\t\t\t\t\t\t\t\t<div class=\"elementor-button-wrapper\">\n\t\t\t\t\t<a class=\"elementor-button elementor-button-link elementor-size-sm\" href=\"https:\/\/flamaster.com.pl\/en\/kontakt\/\">\n\t\t\t\t\t\t<span class=\"elementor-button-content-wrapper\">\n\t\t\t\t\t\t\t\t\t<span class=\"elementor-button-text\">Start the Conversation<\/span>\n\t\t\t\t\t<\/span>\n\t\t\t\t\t<\/a>\n\t\t\t\t<\/div>\n\t\t\t\t\t\t\t\t<\/div>\n\t\t\t\t<\/div>\n\t\t\t\t<\/div>\n\t\t\t\t\t<\/div>\n\t\t\t\t<\/div>\n\t\t<div class=\"elementor-element elementor-element-7fce699 e-flex e-con-boxed e-con e-parent\" data-id=\"7fce699\" data-element_type=\"container\" data-e-type=\"container\">\n\t\t\t\t\t<div class=\"e-con-inner\">\n\t\t\t\t\t<\/div>\n\t\t\t\t<\/div>\n\t\t<div class=\"elementor-element elementor-element-5ba0b80 e-flex e-con-boxed e-con e-parent\" data-id=\"5ba0b80\" data-element_type=\"container\" data-e-type=\"container\">\n\t\t\t\t\t<div class=\"e-con-inner\">\n\t\t\t\t<div class=\"elementor-element elementor-element-96c2cc6 elementor-widget elementor-widget-text-editor\" data-id=\"96c2cc6\" data-element_type=\"widget\" data-e-type=\"widget\" data-widget_type=\"text-editor.default\">\n\t\t\t\t<div class=\"elementor-widget-container\">\n\t\t\t\t\t\t\t\t\t<p>Tworzymy <b>indywidualne biura, przestrzenie us\u0142ugowe i mieszkania<\/b>, w kt\u00f3rych <b>ka\u017cde rozwi\u0105zanie jest dostosowane do charakteru i potrzeb u\u017cytkownik\u00f3w<\/b>. Ka\u017cdy nasz projekt nawi\u0105zuje do historii miejsca. Szukamy w nim charakteru, duszy i potencja\u0142u, kt\u00f3ry warto wydoby\u0107. Wsp\u00f3\u0142czesne elementy \u0142\u0105czymy z oryginalnymi \u2013 odnawiamy historyczne detale, \u015bciany, stosujemy autentyczne materia\u0142y. Dzi\u0119ki temu powstaj\u0105 wn\u0119trza z energi\u0105, w kt\u00f3rych nowoczesno\u015b\u0107 i tradycja, wsp\u00f3\u0142graj\u0105c, tworz\u0105 sp\u00f3jn\u0105 ca\u0142o\u015b\u0107.<\/p><p>Tworzymy wn\u0119trza, gdzie ka\u017cdy element \u2013 od mebli po o\u015bwietlenie \u2013 jest przemy\u015blany i dopasowany do charakteru miejsca i potrzeb jego u\u017cytkownik\u00f3w.<\/p><h2>Projekty wn\u0119trz \u2013 biura i przestrzenie us\u0142ugowe<\/h2><ul><li aria-level=\"1\">Tworzymy wn\u0119trza, kt\u00f3re dzia\u0142aj\u0105 na korzy\u015b\u0107 ludzi i marki. \u0141\u0105czymy style, nadaj\u0105c przestrzeni niepowtarzalny charakter.<\/li><li aria-level=\"1\">Nasze projekty biur i lokali us\u0142ugowych stawiaj\u0105 na dobre samopoczucie i wellbeing pracownik\u00f3w, wspieraj\u0105 koncentracj\u0119 oraz efektywno\u015b\u0107, a odwiedzaj\u0105cym pozostawiaj\u0105 trwa\u0142e, pozytywne wra\u017cenie.<\/li><li aria-level=\"1\">Dbamy o ka\u017cdy detal \u2013 od uk\u0142adu funkcjonalnego po wyko\u0144czenia \u2013 zapewniaj\u0105c sp\u00f3jno\u015b\u0107, komfort i efektowne rozwi\u0105zania w terminie i w bud\u017cecie.<\/li><li aria-level=\"1\">Rzetelna koordynacja, przewidywanie trudno\u015bci i wsparcie w ca\u0142ym procesie sprawiaj\u0105, \u017ce zmiana przestrzeni staje si\u0119 p\u0142ynna i bezstresowa.<\/li><li aria-level=\"1\">Ka\u017cdy projekt to inwestycja w miejsce, kt\u00f3re inspiruje i wyr\u00f3\u017cnia si\u0119 indywidualnym charakterem.<\/li><\/ul><h2>Projekty wn\u0119trz \u2013 przestrzenie mieszkalne<\/h2><ul><li aria-level=\"1\">Tworzymy wn\u0119trza, kt\u00f3re s\u0105 u\u017cyteczne i estetyczne, nadaj\u0105c domom i apartamentom wyj\u0105tkowy charakter. Dbamy o klimat, dusz\u0119 i autentyczno\u015b\u0107 przestrzeni.<\/li><li aria-level=\"1\">Ka\u017cdy projekt zaczynamy od poznania potrzeb domownik\u00f3w, analizuj\u0105c ich tryb \u017cycia, przyzwyczajenia i oczekiwania. Dzi\u0119ki przemy\u015blanym rozwi\u0105zaniom i \u015bwie\u017cemu spojrzeniu tworzymy przestrzenie wygodne, trwa\u0142e i inspiruj\u0105ce.<\/li><li aria-level=\"1\">Nie boimy si\u0119 nietypowych rozwi\u0105za\u0144 \u2013 czasem zmieniamy uk\u0142ad \u015bcian zaprojektowany przez dewelopera, je\u015bli tryb \u017cycia klienta wymaga innego rozplanowania przestrzeni lub gdy bud\u017cet wymaga kreatywnych alternatyw. W takich przypadkach proponujemy modu\u0142owe systemy przechowywania czy autorskie rozwi\u0105zania, kt\u00f3re idealnie wpisuj\u0105 si\u0119 w charakter wn\u0119trza.<\/li><\/ul><p>Wsp\u00f3\u0142pracuj\u0105c z nami, inwestujesz nie tylko w pi\u0119kne i funkcjonalne wn\u0119trza, ale te\u017c w <b>spokojny i przewidywalny proces<\/b> oraz <b>maksymalny efekt przy okre\u015blonym bud\u017cecie<\/b>.<\/p><p><b>Skontaktuj si\u0119 z nami i sprawd\u017a, jak mo\u017cemy odmieni\u0107 Twoj\u0105 przestrze\u0144.<\/b><\/p>\t\t\t\t\t\t\t\t<\/div>\n\t\t\t\t<\/div>\n\t\t\t\t\t<\/div>\n\t\t\t\t<\/div>\n\t\t\t\t<\/div>","protected":false},"excerpt":{"rendered":"<p>Projekt wn\u0119trz \u2013 rozwi\u0105zania, kt\u00f3re dzia\u0142aj\u0105 Zastanawiasz si\u0119, czy Twoje biuro odpowiada na potrzeby pracownik\u00f3w i robi dobre wra\u017cenie na partnerach biznesowych? Nie wiesz, czy inwestycja w nieruchomo\u015b\u0107 si\u0119 op\u0142aci i czy w razie potrzeby b\u0119dziesz m\u00f3g\u0142 \u0142atwo przearan\u017cowa\u0107 przestrze\u0144, je\u015bli co\u015b nie wyjdzie? A mo\u017ce Tw\u00f3j dom nie do ko\u0144ca odpowiada rytmowi \u017cycia rodziny, [&hellip;]<\/p>\n","protected":false},"author":1,"featured_media":0,"parent":0,"menu_order":0,"comment_status":"closed","ping_status":"closed","template":"","meta":{"site-sidebar-layout":"no-sidebar","site-content-layout":"page-builder","ast-site-content-layout":"full-width-container","site-content-style":"default","site-sidebar-style":"default","ast-global-header-display":"","ast-banner-title-visibility":"","ast-main-header-display":"","ast-hfb-above-header-display":"","ast-hfb-below-header-display":"","ast-hfb-mobile-header-display":"","site-post-title":"disabled","ast-breadcrumbs-content":"","ast-featured-img":"disabled","footer-sml-layout":"","ast-disable-related-posts":"","theme-transparent-header-meta":"","adv-header-id-meta":"","stick-header-meta":"","header-above-stick-meta":"","header-main-stick-meta":"","header-below-stick-meta":"","astra-migrate-meta-layouts":"set","ast-page-background-enabled":"default","ast-page-background-meta":{"desktop":{"background-color":"var(--ast-global-color-4)","background-image":"","background-repeat":"repeat","background-position":"center center","background-size":"auto","background-attachment":"scroll","background-type":"","background-media":"","overlay-type":"","overlay-color":"","overlay-opacity":"","overlay-gradient":""},"tablet":{"background-color":"","background-image":"","background-repeat":"repeat","background-position":"center center","background-size":"auto","background-attachment":"scroll","background-type":"","background-media":"","overlay-type":"","overlay-color":"","overlay-opacity":"","overlay-gradient":""},"mobile":{"background-color":"","background-image":"","background-repeat":"repeat","background-position":"center center","background-size":"auto","background-attachment":"scroll","background-type":"","background-media":"","overlay-type":"","overlay-color":"","overlay-opacity":"","overlay-gradient":""}},"ast-content-background-meta":{"desktop":{"background-color":"var(--ast-global-color-5)","background-image":"","background-repeat":"repeat","background-position":"center center","background-size":"auto","background-attachment":"scroll","background-type":"","background-media":"","overlay-type":"","overlay-color":"","overlay-opacity":"","overlay-gradient":""},"tablet":{"background-color":"var(--ast-global-color-5)","background-image":"","background-repeat":"repeat","background-position":"center center","background-size":"auto","background-attachment":"scroll","background-type":"","background-media":"","overlay-type":"","overlay-color":"","overlay-opacity":"","overlay-gradient":""},"mobile":{"background-color":"var(--ast-global-color-5)","background-image":"","background-repeat":"repeat","background-position":"center center","background-size":"auto","background-attachment":"scroll","background-type":"","background-media":"","overlay-type":"","overlay-color":"","overlay-opacity":"","overlay-gradient":""}},"footnotes":""},"class_list":["post-1755","page","type-page","status-publish","hentry"],"yoast_head":"<!-- This site is optimized with the Yoast SEO Premium plugin v27.0 (Yoast SEO v27.0) - https:\/\/yoast.com\/product\/yoast-seo-premium-wordpress\/ -->\n<title>Projekt wn\u0119trz - Flamaster - pracownia projektowania wn\u0119trz<\/title>\n<meta name=\"robots\" content=\"index, follow, max-snippet:-1, max-image-preview:large, max-video-preview:-1\" \/>\n<link rel=\"canonical\" href=\"https:\/\/flamaster.com.pl\/en\/projekt-wnetrz\/\" \/>\n<meta property=\"og:locale\" content=\"en_US\" \/>\n<meta property=\"og:type\" content=\"article\" \/>\n<meta property=\"og:title\" content=\"Projekt wn\u0119trz\" \/>\n<meta property=\"og:description\" content=\"Projekt wn\u0119trz \u2013 rozwi\u0105zania, kt\u00f3re dzia\u0142aj\u0105 Zastanawiasz si\u0119, czy Twoje biuro odpowiada na potrzeby pracownik\u00f3w i robi dobre wra\u017cenie na partnerach biznesowych? Nie wiesz, czy inwestycja w nieruchomo\u015b\u0107 si\u0119 op\u0142aci i czy w razie potrzeby b\u0119dziesz m\u00f3g\u0142 \u0142atwo przearan\u017cowa\u0107 przestrze\u0144, je\u015bli co\u015b nie wyjdzie? A mo\u017ce Tw\u00f3j dom nie do ko\u0144ca odpowiada rytmowi \u017cycia rodziny, [&hellip;]\" \/>\n<meta property=\"og:url\" content=\"https:\/\/flamaster.com.pl\/en\/projekt-wnetrz\/\" \/>\n<meta property=\"og:site_name\" content=\"Flamaster - pracownia projektowania wn\u0119trz\" \/>\n<meta property=\"article:modified_time\" content=\"2026-02-18T14:54:11+00:00\" \/>\n<meta name=\"twitter:card\" content=\"summary_large_image\" \/>\n<meta name=\"twitter:label1\" content=\"Est. reading time\" \/>\n\t<meta name=\"twitter:data1\" content=\"3 minutes\" \/>\n<script type=\"application\/ld+json\" class=\"yoast-schema-graph\">{\"@context\":\"https:\/\/schema.org\",\"@graph\":[{\"@type\":\"WebPage\",\"@id\":\"https:\/\/flamaster.com.pl\/projekt-wnetrz\/\",\"url\":\"https:\/\/flamaster.com.pl\/projekt-wnetrz\/\",\"name\":\"Projekt wn\u0119trz - Flamaster - pracownia projektowania wn\u0119trz\",\"isPartOf\":{\"@id\":\"https:\/\/flamaster.com.pl\/#website\"},\"datePublished\":\"2023-10-26T11:03:06+00:00\",\"dateModified\":\"2026-02-18T14:54:11+00:00\",\"breadcrumb\":{\"@id\":\"https:\/\/flamaster.com.pl\/projekt-wnetrz\/#breadcrumb\"},\"inLanguage\":\"en-US\",\"potentialAction\":[{\"@type\":\"ReadAction\",\"target\":[\"https:\/\/flamaster.com.pl\/projekt-wnetrz\/\"]}]},{\"@type\":\"BreadcrumbList\",\"@id\":\"https:\/\/flamaster.com.pl\/projekt-wnetrz\/#breadcrumb\",\"itemListElement\":[{\"@type\":\"ListItem\",\"position\":1,\"name\":\"Strona g\u0142\u00f3wna\",\"item\":\"https:\/\/flamaster.com.pl\/\"},{\"@type\":\"ListItem\",\"position\":2,\"name\":\"Projekt wn\u0119trz\"}]},{\"@type\":\"WebSite\",\"@id\":\"https:\/\/flamaster.com.pl\/#website\",\"url\":\"https:\/\/flamaster.com.pl\/\",\"name\":\"Flamaster - pracownia projektowania wn\u0119trz\",\"description\":\"Projektujemy funkcjonalne i estetyczne przestrzenie.\",\"publisher\":{\"@id\":\"https:\/\/flamaster.com.pl\/#organization\"},\"potentialAction\":[{\"@type\":\"SearchAction\",\"target\":{\"@type\":\"EntryPoint\",\"urlTemplate\":\"https:\/\/flamaster.com.pl\/?s={search_term_string}\"},\"query-input\":{\"@type\":\"PropertyValueSpecification\",\"valueRequired\":true,\"valueName\":\"search_term_string\"}}],\"inLanguage\":\"en-US\"},{\"@type\":[\"Organization\",\"Place\"],\"@id\":\"https:\/\/flamaster.com.pl\/#organization\",\"name\":\"Flamaster - pracownia projektowania wn\u0119trz i architektury\",\"url\":\"https:\/\/flamaster.com.pl\/\",\"logo\":{\"@id\":\"https:\/\/flamaster.com.pl\/projekt-wnetrz\/#local-main-organization-logo\"},\"image\":{\"@id\":\"https:\/\/flamaster.com.pl\/projekt-wnetrz\/#local-main-organization-logo\"},\"sameAs\":[\"https:\/\/www.instagram.com\/agata.plackowska\/\"],\"telephone\":[],\"openingHoursSpecification\":[{\"@type\":\"OpeningHoursSpecification\",\"dayOfWeek\":[\"Monday\",\"Tuesday\",\"Wednesday\",\"Thursday\",\"Friday\",\"Saturday\",\"Sunday\"],\"opens\":\"09:00\",\"closes\":\"17:00\"}]},{\"@type\":\"ImageObject\",\"inLanguage\":\"en-US\",\"@id\":\"https:\/\/flamaster.com.pl\/projekt-wnetrz\/#local-main-organization-logo\",\"url\":\"https:\/\/flamaster.com.pl\/wp-content\/uploads\/2023\/10\/Projekt-bez-nazwy-2023-10-23T114804.666-1.svg\",\"contentUrl\":\"https:\/\/flamaster.com.pl\/wp-content\/uploads\/2023\/10\/Projekt-bez-nazwy-2023-10-23T114804.666-1.svg\",\"width\":921,\"height\":928,\"caption\":\"Flamaster - pracownia projektowania wn\u0119trz i architektury\"}]}<\/script>\n<!-- \/ Yoast SEO Premium plugin. -->","yoast_head_json":{"title":"Projekt wn\u0119trz - Flamaster - pracownia projektowania wn\u0119trz","robots":{"index":"index","follow":"follow","max-snippet":"max-snippet:-1","max-image-preview":"max-image-preview:large","max-video-preview":"max-video-preview:-1"},"canonical":"https:\/\/flamaster.com.pl\/en\/projekt-wnetrz\/","og_locale":"en_US","og_type":"article","og_title":"Projekt wn\u0119trz","og_description":"Projekt wn\u0119trz \u2013 rozwi\u0105zania, kt\u00f3re dzia\u0142aj\u0105 Zastanawiasz si\u0119, czy Twoje biuro odpowiada na potrzeby pracownik\u00f3w i robi dobre wra\u017cenie na partnerach biznesowych? Nie wiesz, czy inwestycja w nieruchomo\u015b\u0107 si\u0119 op\u0142aci i czy w razie potrzeby b\u0119dziesz m\u00f3g\u0142 \u0142atwo przearan\u017cowa\u0107 przestrze\u0144, je\u015bli co\u015b nie wyjdzie? A mo\u017ce Tw\u00f3j dom nie do ko\u0144ca odpowiada rytmowi \u017cycia rodziny, [&hellip;]","og_url":"https:\/\/flamaster.com.pl\/en\/projekt-wnetrz\/","og_site_name":"Flamaster - pracownia projektowania wn\u0119trz","article_modified_time":"2026-02-18T14:54:11+00:00","twitter_card":"summary_large_image","twitter_misc":{"Est. reading time":"3 minutes"},"schema":{"@context":"https:\/\/schema.org","@graph":[{"@type":"WebPage","@id":"https:\/\/flamaster.com.pl\/projekt-wnetrz\/","url":"https:\/\/flamaster.com.pl\/projekt-wnetrz\/","name":"Projekt wn\u0119trz - Flamaster - pracownia projektowania wn\u0119trz","isPartOf":{"@id":"https:\/\/flamaster.com.pl\/#website"},"datePublished":"2023-10-26T11:03:06+00:00","dateModified":"2026-02-18T14:54:11+00:00","breadcrumb":{"@id":"https:\/\/flamaster.com.pl\/projekt-wnetrz\/#breadcrumb"},"inLanguage":"en-US","potentialAction":[{"@type":"ReadAction","target":["https:\/\/flamaster.com.pl\/projekt-wnetrz\/"]}]},{"@type":"BreadcrumbList","@id":"https:\/\/flamaster.com.pl\/projekt-wnetrz\/#breadcrumb","itemListElement":[{"@type":"ListItem","position":1,"name":"Strona g\u0142\u00f3wna","item":"https:\/\/flamaster.com.pl\/"},{"@type":"ListItem","position":2,"name":"Projekt wn\u0119trz"}]},{"@type":"WebSite","@id":"https:\/\/flamaster.com.pl\/#website","url":"https:\/\/flamaster.com.pl\/","name":"Flamaster - pracownia projektowania wn\u0119trz","description":"Projektujemy funkcjonalne i estetyczne przestrzenie.","publisher":{"@id":"https:\/\/flamaster.com.pl\/#organization"},"potentialAction":[{"@type":"SearchAction","target":{"@type":"EntryPoint","urlTemplate":"https:\/\/flamaster.com.pl\/?s={search_term_string}"},"query-input":{"@type":"PropertyValueSpecification","valueRequired":true,"valueName":"search_term_string"}}],"inLanguage":"en-US"},{"@type":["Organization","Place"],"@id":"https:\/\/flamaster.com.pl\/#organization","name":"Flamaster - pracownia projektowania wn\u0119trz i architektury","url":"https:\/\/flamaster.com.pl\/","logo":{"@id":"https:\/\/flamaster.com.pl\/projekt-wnetrz\/#local-main-organization-logo"},"image":{"@id":"https:\/\/flamaster.com.pl\/projekt-wnetrz\/#local-main-organization-logo"},"sameAs":["https:\/\/www.instagram.com\/agata.plackowska\/"],"telephone":[],"openingHoursSpecification":[{"@type":"OpeningHoursSpecification","dayOfWeek":["Monday","Tuesday","Wednesday","Thursday","Friday","Saturday","Sunday"],"opens":"09:00","closes":"17:00"}]},{"@type":"ImageObject","inLanguage":"en-US","@id":"https:\/\/flamaster.com.pl\/projekt-wnetrz\/#local-main-organization-logo","url":"https:\/\/flamaster.com.pl\/wp-content\/uploads\/2023\/10\/Projekt-bez-nazwy-2023-10-23T114804.666-1.svg","contentUrl":"https:\/\/flamaster.com.pl\/wp-content\/uploads\/2023\/10\/Projekt-bez-nazwy-2023-10-23T114804.666-1.svg","width":921,"height":928,"caption":"Flamaster - pracownia projektowania wn\u0119trz i architektury"}]}},"_links":{"self":[{"href":"https:\/\/flamaster.com.pl\/en\/wp-json\/wp\/v2\/pages\/1755","targetHints":{"allow":["GET"]}}],"collection":[{"href":"https:\/\/flamaster.com.pl\/en\/wp-json\/wp\/v2\/pages"}],"about":[{"href":"https:\/\/flamaster.com.pl\/en\/wp-json\/wp\/v2\/types\/page"}],"author":[{"embeddable":true,"href":"https:\/\/flamaster.com.pl\/en\/wp-json\/wp\/v2\/users\/1"}],"replies":[{"embeddable":true,"href":"https:\/\/flamaster.com.pl\/en\/wp-json\/wp\/v2\/comments?post=1755"}],"version-history":[{"count":28,"href":"https:\/\/flamaster.com.pl\/en\/wp-json\/wp\/v2\/pages\/1755\/revisions"}],"predecessor-version":[{"id":4168,"href":"https:\/\/flamaster.com.pl\/en\/wp-json\/wp\/v2\/pages\/1755\/revisions\/4168"}],"wp:attachment":[{"href":"https:\/\/flamaster.com.pl\/en\/wp-json\/wp\/v2\/media?parent=1755"}],"curies":[{"name":"wp","href":"https:\/\/api.w.org\/{rel}","templated":true}]}}