{"id":1386,"date":"2023-10-11T08:49:00","date_gmt":"2023-10-11T07:49:00","guid":{"rendered":"https:\/?page_id=1386"},"modified":"2025-12-05T12:58:32","modified_gmt":"2025-12-05T11:58:32","slug":"ekologiczne-wnetrze","status":"publish","type":"page","link":"https:\/\/flamaster.com.pl\/en\/ekologiczne-wnetrze\/","title":{"rendered":"Design &amp; Sustainability"},"content":{"rendered":"<div data-elementor-type=\"wp-page\" data-elementor-id=\"1386\" class=\"elementor elementor-1386\" data-elementor-post-type=\"page\">\n\t\t\t\t<div class=\"elementor-element elementor-element-91f8632 e-flex e-con-boxed e-con e-parent\" data-id=\"91f8632\" data-element_type=\"container\" data-e-type=\"container\" data-settings=\"{&quot;background_background&quot;:&quot;classic&quot;}\">\n\t\t\t\t\t<div class=\"e-con-inner\">\n\t\t<div class=\"elementor-element elementor-element-b0d5140 e-con-full e-flex e-con e-child\" data-id=\"b0d5140\" data-element_type=\"container\" data-e-type=\"container\">\n\t\t\t\t<div class=\"elementor-element elementor-element-131f246 elementor-widget elementor-widget-heading\" data-id=\"131f246\" data-element_type=\"widget\" data-e-type=\"widget\" data-widget_type=\"heading.default\">\n\t\t\t\t<div class=\"elementor-widget-container\">\n\t\t\t\t\t<h1 class=\"elementor-heading-title elementor-size-default\">Design &amp; Sustainability<\/h1>\t\t\t\t<\/div>\n\t\t\t\t<\/div>\n\t\t\t\t<div class=\"elementor-element elementor-element-35bad32 elementor-widget elementor-widget-text-editor\" data-id=\"35bad32\" data-element_type=\"widget\" data-e-type=\"widget\" data-widget_type=\"text-editor.default\">\n\t\t\t\t<div class=\"elementor-widget-container\">\n\t\t\t\t\t\t\t\t\t<p>W dobie rosn\u0105cej \u015bwiadomo\u015bci ekologicznej, zr\u00f3wnowa\u017cone projektowanie wn\u0119trz staje si\u0119 kluczowe dla zdrowego stylu \u017cycia. Dzi\u0119ki naszym rozwi\u0105zaniom, mo\u017cesz cieszy\u0107 si\u0119 pi\u0119knym wn\u0119trzem, kt\u00f3re dba o planet\u0119 i promuje zdrowe \u017cycie.<\/p>\t\t\t\t\t\t\t\t<\/div>\n\t\t\t\t<\/div>\n\t\t\t\t<div class=\"elementor-element elementor-element-5755cae elementor-align-center elementor-widget elementor-widget-button\" data-id=\"5755cae\" data-element_type=\"widget\" data-e-type=\"widget\" data-widget_type=\"button.default\">\n\t\t\t\t<div class=\"elementor-widget-container\">\n\t\t\t\t\t\t\t\t\t<div class=\"elementor-button-wrapper\">\n\t\t\t\t\t<a class=\"elementor-button elementor-size-sm\" role=\"button\">\n\t\t\t\t\t\t<span class=\"elementor-button-content-wrapper\">\n\t\t\t\t\t\t\t\t\t<span class=\"elementor-button-text\">Start the Conversation<\/span>\n\t\t\t\t\t<\/span>\n\t\t\t\t\t<\/a>\n\t\t\t\t<\/div>\n\t\t\t\t\t\t\t\t<\/div>\n\t\t\t\t<\/div>\n\t\t\t\t<\/div>\n\t\t\t\t\t<\/div>\n\t\t\t\t<\/div>\n\t\t<div class=\"elementor-element elementor-element-f98e417 e-flex e-con-boxed e-con e-parent\" data-id=\"f98e417\" data-element_type=\"container\" data-e-type=\"container\" data-settings=\"{&quot;background_background&quot;:&quot;classic&quot;}\">\n\t\t\t\t\t<div class=\"e-con-inner\">\n\t\t<div class=\"elementor-element elementor-element-b807601 e-con-full e-flex e-con e-child\" data-id=\"b807601\" data-element_type=\"container\" data-e-type=\"container\">\n\t\t\t\t<div class=\"elementor-element elementor-element-cb62991 elementor-widget elementor-widget-image\" data-id=\"cb62991\" data-element_type=\"widget\" data-e-type=\"widget\" data-widget_type=\"image.default\">\n\t\t\t\t<div class=\"elementor-widget-container\">\n\t\t\t\t\t\t\t\t\t\t\t\t\t\t\t<img fetchpriority=\"high\" decoding=\"async\" width=\"684\" height=\"1024\" src=\"https:\/\/flamaster.com.pl\/wp-content\/uploads\/2025\/12\/WAK_6517-684x1024.jpg\" class=\"attachment-large size-large wp-image-3948\" alt=\"\" srcset=\"https:\/\/flamaster.com.pl\/wp-content\/uploads\/2025\/12\/WAK_6517-684x1024.jpg 684w, https:\/\/flamaster.com.pl\/wp-content\/uploads\/2025\/12\/WAK_6517-200x300.jpg 200w, https:\/\/flamaster.com.pl\/wp-content\/uploads\/2025\/12\/WAK_6517-768x1150.jpg 768w, https:\/\/flamaster.com.pl\/wp-content\/uploads\/2025\/12\/WAK_6517-1025x1536.jpg 1025w, https:\/\/flamaster.com.pl\/wp-content\/uploads\/2025\/12\/WAK_6517-1367x2048.jpg 1367w, https:\/\/flamaster.com.pl\/wp-content\/uploads\/2025\/12\/WAK_6517-8x12.jpg 8w, https:\/\/flamaster.com.pl\/wp-content\/uploads\/2025\/12\/WAK_6517-scaled.jpg 1709w\" sizes=\"(max-width: 684px) 100vw, 684px\" \/>\t\t\t\t\t\t\t\t\t\t\t\t\t\t\t<\/div>\n\t\t\t\t<\/div>\n\t\t\t\t<\/div>\n\t\t<div class=\"elementor-element elementor-element-e9a2913 e-con-full e-flex e-con e-child\" data-id=\"e9a2913\" data-element_type=\"container\" data-e-type=\"container\">\n\t\t\t\t<div class=\"elementor-element elementor-element-0196dd9 elementor-widget elementor-widget-heading\" data-id=\"0196dd9\" data-element_type=\"widget\" data-e-type=\"widget\" data-widget_type=\"heading.default\">\n\t\t\t\t<div class=\"elementor-widget-container\">\n\t\t\t\t\t<h2 class=\"elementor-heading-title elementor-size-default\"><h2 style=\"font-style: normal\">Zmniejsz sw\u00f3j \u015blad w\u0119glowy<span style=\"font-size: 1rem;font-style: inherit;font-weight: 400\"><\/span><\/h2><\/h2>\t\t\t\t<\/div>\n\t\t\t\t<\/div>\n\t\t\t\t<div class=\"elementor-element elementor-element-fa9ba89 elementor-widget elementor-widget-heading\" data-id=\"fa9ba89\" data-element_type=\"widget\" data-e-type=\"widget\" data-widget_type=\"heading.default\">\n\t\t\t\t<div class=\"elementor-widget-container\">\n\t\t\t\t\t<h6 class=\"elementor-heading-title elementor-size-default\"><span style=\"font-size: 46.379px\">Zam\u00f3w u&nbsp;nas ekologiczny projekt wn\u0119trz.<\/span>\n<\/h6>\t\t\t\t<\/div>\n\t\t\t\t<\/div>\n\t\t\t\t<div class=\"elementor-element elementor-element-482aa7d elementor-widget elementor-widget-text-editor\" data-id=\"482aa7d\" data-element_type=\"widget\" data-e-type=\"widget\" data-widget_type=\"text-editor.default\">\n\t\t\t\t<div class=\"elementor-widget-container\">\n\t\t\t\t\t\t\t\t\t<p>W czasach mojego dzieci\u0144stwa nast\u0105pi\u0142a w Polsce zmiana ustrojowa. Pami\u0119tam jak\u00a0 wielorazowe szklane butelki na mleko zmieni\u0142y si\u0119 w wygodne, jednorazowe tetrapaki. Opr\u00f3cz tego w sklepach pojawi\u0142y si\u0119 tony produkt\u00f3w w przer\u00f3\u017cnych opakowaniach\u2026. pasta do z\u0119b\u00f3w w tubce i kartonie, napoje w puszkach, rogaliki pakowane w kolorowe celofany czy bombonierki.\u00a0<\/p><p>Te zmiany znacz\u0105co wp\u0142yn\u0119\u0142y na spos\u00f3b postrzegania konsumpcji i kultury zakupowej w Polsce, co ma ogromny wp\u0142yw na bran\u017c\u0119 wyka\u0144czania wn\u0119trz.<\/p>\t\t\t\t\t\t\t\t<\/div>\n\t\t\t\t<\/div>\n\t\t\t\t<div class=\"elementor-element elementor-element-235901d elementor-widget elementor-widget-text-editor\" data-id=\"235901d\" data-element_type=\"widget\" data-e-type=\"widget\" data-widget_type=\"text-editor.default\">\n\t\t\t\t<div class=\"elementor-widget-container\">\n\t\t\t\t\t\t\t\t\t<p>Nasza firma specjalizuje si\u0119 w tworzeniu przestrzeni, kt\u00f3re s\u0105 estetyczne i przyjazne dla \u015brodowiska, \u0142\u0105cz\u0105c design z zasadami zr\u00f3wnowa\u017conego rozwoju.<\/p><p>W naszych projektach wykorzystujemy ekologiczne materia\u0142y, kt\u00f3re s\u0105 bezpieczne dla zdrowia oraz minimalizuj\u0105 negatywny wp\u0142yw na natur\u0119. Stawiamy na trwa\u0142o\u015b\u0107 i funkcjonalno\u015b\u0107, co pozwala na d\u0142ugoterminowe u\u017cytkowanie bez konieczno\u015bci cz\u0119stych remont\u00f3w czy wymiany element\u00f3w wystroju.<\/p>\t\t\t\t\t\t\t\t<\/div>\n\t\t\t\t<\/div>\n\t\t\t\t<div class=\"elementor-element elementor-element-51f03aa elementor-widget elementor-widget-text-editor\" data-id=\"51f03aa\" data-element_type=\"widget\" data-e-type=\"widget\" data-widget_type=\"text-editor.default\">\n\t\t\t\t<div class=\"elementor-widget-container\">\n\t\t\t\t\t\t\t\t\t<p>Zainwestuj w zdrow\u0105 przestrze\u0144, kt\u00f3ra przyczynia si\u0119 do ochrony \u015brodowiska!\u00a0<\/p><p>Skontaktuj si\u0119 z nami, aby om\u00f3wi\u0107, jak mo\u017cemy pom\u00f3c Ci stworzy\u0107 ekologiczne wn\u0119trze, kt\u00f3re odzwierciedli Tw\u00f3j styl \u017cycia oraz warto\u015bci.<\/p>\t\t\t\t\t\t\t\t<\/div>\n\t\t\t\t<\/div>\n\t\t\t\t<div class=\"elementor-element elementor-element-5733bfc elementor-align-left elementor-widget elementor-widget-button\" data-id=\"5733bfc\" data-element_type=\"widget\" data-e-type=\"widget\" data-widget_type=\"button.default\">\n\t\t\t\t<div class=\"elementor-widget-container\">\n\t\t\t\t\t\t\t\t\t<div class=\"elementor-button-wrapper\">\n\t\t\t\t\t<a class=\"elementor-button elementor-button-link elementor-size-sm\" href=\"#\">\n\t\t\t\t\t\t<span class=\"elementor-button-content-wrapper\">\n\t\t\t\t\t\t\t\t\t<span class=\"elementor-button-text\">Start the Conversation<\/span>\n\t\t\t\t\t<\/span>\n\t\t\t\t\t<\/a>\n\t\t\t\t<\/div>\n\t\t\t\t\t\t\t\t<\/div>\n\t\t\t\t<\/div>\n\t\t\t\t<\/div>\n\t\t\t\t\t<\/div>\n\t\t\t\t<\/div>\n\t\t\t\t<\/div>","protected":false},"excerpt":{"rendered":"<p>Ekologiczne wn\u0119trza W dobie rosn\u0105cej \u015bwiadomo\u015bci ekologicznej, zr\u00f3wnowa\u017cone projektowanie wn\u0119trz staje si\u0119 kluczowe dla zdrowego stylu \u017cycia. Dzi\u0119ki naszym rozwi\u0105zaniom, mo\u017cesz cieszy\u0107 si\u0119 pi\u0119knym wn\u0119trzem, kt\u00f3re dba o planet\u0119 i promuje zdrowe \u017cycie. odezwij si\u0119 do nas Zmniejsz sw\u00f3j \u015blad w\u0119glowy Zam\u00f3w u&nbsp;nas ekologiczny projekt wn\u0119trz. W czasach mojego dzieci\u0144stwa nast\u0105pi\u0142a w Polsce zmiana ustrojowa. [&hellip;]<\/p>\n","protected":false},"author":1,"featured_media":0,"parent":0,"menu_order":0,"comment_status":"closed","ping_status":"closed","template":"","meta":{"site-sidebar-layout":"no-sidebar","site-content-layout":"page-builder","ast-site-content-layout":"full-width-container","site-content-style":"default","site-sidebar-style":"default","ast-global-header-display":"","ast-banner-title-visibility":"","ast-main-header-display":"","ast-hfb-above-header-display":"","ast-hfb-below-header-display":"","ast-hfb-mobile-header-display":"","site-post-title":"disabled","ast-breadcrumbs-content":"","ast-featured-img":"disabled","footer-sml-layout":"","ast-disable-related-posts":"","theme-transparent-header-meta":"default","adv-header-id-meta":"","stick-header-meta":"","header-above-stick-meta":"","header-main-stick-meta":"","header-below-stick-meta":"","astra-migrate-meta-layouts":"set","ast-page-background-enabled":"default","ast-page-background-meta":{"desktop":{"background-color":"var(--ast-global-color-4)","background-image":"","background-repeat":"repeat","background-position":"center center","background-size":"auto","background-attachment":"scroll","background-type":"","background-media":"","overlay-type":"","overlay-color":"","overlay-opacity":"","overlay-gradient":""},"tablet":{"background-color":"","background-image":"","background-repeat":"repeat","background-position":"center center","background-size":"auto","background-attachment":"scroll","background-type":"","background-media":"","overlay-type":"","overlay-color":"","overlay-opacity":"","overlay-gradient":""},"mobile":{"background-color":"","background-image":"","background-repeat":"repeat","background-position":"center center","background-size":"auto","background-attachment":"scroll","background-type":"","background-media":"","overlay-type":"","overlay-color":"","overlay-opacity":"","overlay-gradient":""}},"ast-content-background-meta":{"desktop":{"background-color":"var(--ast-global-color-5)","background-image":"","background-repeat":"repeat","background-position":"center center","background-size":"auto","background-attachment":"scroll","background-type":"","background-media":"","overlay-type":"","overlay-color":"","overlay-opacity":"","overlay-gradient":""},"tablet":{"background-color":"var(--ast-global-color-5)","background-image":"","background-repeat":"repeat","background-position":"center center","background-size":"auto","background-attachment":"scroll","background-type":"","background-media":"","overlay-type":"","overlay-color":"","overlay-opacity":"","overlay-gradient":""},"mobile":{"background-color":"var(--ast-global-color-5)","background-image":"","background-repeat":"repeat","background-position":"center center","background-size":"auto","background-attachment":"scroll","background-type":"","background-media":"","overlay-type":"","overlay-color":"","overlay-opacity":"","overlay-gradient":""}},"footnotes":""},"class_list":["post-1386","page","type-page","status-publish","hentry"],"yoast_head":"<!-- This site is optimized with the Yoast SEO Premium plugin v27.0 (Yoast SEO v27.0) - https:\/\/yoast.com\/product\/yoast-seo-premium-wordpress\/ -->\n<title>Ekologiczne wn\u0119trze - Flamaster - pracownia projektowania wn\u0119trz<\/title>\n<meta name=\"robots\" content=\"index, follow, max-snippet:-1, max-image-preview:large, max-video-preview:-1\" \/>\n<link rel=\"canonical\" href=\"https:\/\/flamaster.com.pl\/en\/ekologiczne-wnetrze\/\" \/>\n<meta property=\"og:locale\" content=\"en_US\" \/>\n<meta property=\"og:type\" content=\"article\" \/>\n<meta property=\"og:title\" content=\"Ekologiczne wn\u0119trze\" \/>\n<meta property=\"og:description\" content=\"Ekologiczne wn\u0119trza W dobie rosn\u0105cej \u015bwiadomo\u015bci ekologicznej, zr\u00f3wnowa\u017cone projektowanie wn\u0119trz staje si\u0119 kluczowe dla zdrowego stylu \u017cycia. Dzi\u0119ki naszym rozwi\u0105zaniom, mo\u017cesz cieszy\u0107 si\u0119 pi\u0119knym wn\u0119trzem, kt\u00f3re dba o planet\u0119 i promuje zdrowe \u017cycie. odezwij si\u0119 do nas Zmniejsz sw\u00f3j \u015blad w\u0119glowy Zam\u00f3w u&nbsp;nas ekologiczny projekt wn\u0119trz. W czasach mojego dzieci\u0144stwa nast\u0105pi\u0142a w Polsce zmiana ustrojowa. [&hellip;]\" \/>\n<meta property=\"og:url\" content=\"https:\/\/flamaster.com.pl\/en\/ekologiczne-wnetrze\/\" \/>\n<meta property=\"og:site_name\" content=\"Flamaster - pracownia projektowania wn\u0119trz\" \/>\n<meta property=\"article:modified_time\" content=\"2025-12-05T11:58:32+00:00\" \/>\n<meta property=\"og:image\" content=\"https:\/\/flamaster.com.pl\/wp-content\/uploads\/2025\/12\/WAK_6517-684x1024.jpg\" \/>\n<meta name=\"twitter:card\" content=\"summary_large_image\" \/>\n<meta name=\"twitter:label1\" content=\"Est. reading time\" \/>\n\t<meta name=\"twitter:data1\" content=\"3 minutes\" \/>\n<script type=\"application\/ld+json\" class=\"yoast-schema-graph\">{\"@context\":\"https:\/\/schema.org\",\"@graph\":[{\"@type\":\"WebPage\",\"@id\":\"https:\/\/flamaster.com.pl\/ekologiczne-wnetrze\/\",\"url\":\"https:\/\/flamaster.com.pl\/ekologiczne-wnetrze\/\",\"name\":\"Ekologiczne wn\u0119trze - Flamaster - pracownia projektowania wn\u0119trz\",\"isPartOf\":{\"@id\":\"https:\/\/flamaster.com.pl\/#website\"},\"primaryImageOfPage\":{\"@id\":\"https:\/\/flamaster.com.pl\/ekologiczne-wnetrze\/#primaryimage\"},\"image\":{\"@id\":\"https:\/\/flamaster.com.pl\/ekologiczne-wnetrze\/#primaryimage\"},\"thumbnailUrl\":\"https:\/\/flamaster.com.pl\/wp-content\/uploads\/2025\/12\/WAK_6517-684x1024.jpg\",\"datePublished\":\"2023-10-11T07:49:00+00:00\",\"dateModified\":\"2025-12-05T11:58:32+00:00\",\"breadcrumb\":{\"@id\":\"https:\/\/flamaster.com.pl\/ekologiczne-wnetrze\/#breadcrumb\"},\"inLanguage\":\"en-US\",\"potentialAction\":[{\"@type\":\"ReadAction\",\"target\":[\"https:\/\/flamaster.com.pl\/ekologiczne-wnetrze\/\"]}]},{\"@type\":\"ImageObject\",\"inLanguage\":\"en-US\",\"@id\":\"https:\/\/flamaster.com.pl\/ekologiczne-wnetrze\/#primaryimage\",\"url\":\"https:\/\/flamaster.com.pl\/wp-content\/uploads\/2025\/12\/WAK_6517-684x1024.jpg\",\"contentUrl\":\"https:\/\/flamaster.com.pl\/wp-content\/uploads\/2025\/12\/WAK_6517-684x1024.jpg\"},{\"@type\":\"BreadcrumbList\",\"@id\":\"https:\/\/flamaster.com.pl\/ekologiczne-wnetrze\/#breadcrumb\",\"itemListElement\":[{\"@type\":\"ListItem\",\"position\":1,\"name\":\"Strona g\u0142\u00f3wna\",\"item\":\"https:\/\/flamaster.com.pl\/\"},{\"@type\":\"ListItem\",\"position\":2,\"name\":\"Ekologiczne wn\u0119trze\"}]},{\"@type\":\"WebSite\",\"@id\":\"https:\/\/flamaster.com.pl\/#website\",\"url\":\"https:\/\/flamaster.com.pl\/\",\"name\":\"Flamaster - pracownia projektowania wn\u0119trz\",\"description\":\"Projektujemy funkcjonalne i estetyczne przestrzenie.\",\"publisher\":{\"@id\":\"https:\/\/flamaster.com.pl\/#organization\"},\"potentialAction\":[{\"@type\":\"SearchAction\",\"target\":{\"@type\":\"EntryPoint\",\"urlTemplate\":\"https:\/\/flamaster.com.pl\/?s={search_term_string}\"},\"query-input\":{\"@type\":\"PropertyValueSpecification\",\"valueRequired\":true,\"valueName\":\"search_term_string\"}}],\"inLanguage\":\"en-US\"},{\"@type\":[\"Organization\",\"Place\"],\"@id\":\"https:\/\/flamaster.com.pl\/#organization\",\"name\":\"Flamaster - pracownia projektowania wn\u0119trz i architektury\",\"url\":\"https:\/\/flamaster.com.pl\/\",\"logo\":{\"@id\":\"https:\/\/flamaster.com.pl\/ekologiczne-wnetrze\/#local-main-organization-logo\"},\"image\":{\"@id\":\"https:\/\/flamaster.com.pl\/ekologiczne-wnetrze\/#local-main-organization-logo\"},\"sameAs\":[\"https:\/\/www.instagram.com\/agata.plackowska\/\"],\"telephone\":[],\"openingHoursSpecification\":[{\"@type\":\"OpeningHoursSpecification\",\"dayOfWeek\":[\"Monday\",\"Tuesday\",\"Wednesday\",\"Thursday\",\"Friday\",\"Saturday\",\"Sunday\"],\"opens\":\"09:00\",\"closes\":\"17:00\"}]},{\"@type\":\"ImageObject\",\"inLanguage\":\"en-US\",\"@id\":\"https:\/\/flamaster.com.pl\/ekologiczne-wnetrze\/#local-main-organization-logo\",\"url\":\"https:\/\/flamaster.com.pl\/wp-content\/uploads\/2023\/10\/Projekt-bez-nazwy-2023-10-23T114804.666-1.svg\",\"contentUrl\":\"https:\/\/flamaster.com.pl\/wp-content\/uploads\/2023\/10\/Projekt-bez-nazwy-2023-10-23T114804.666-1.svg\",\"width\":921,\"height\":928,\"caption\":\"Flamaster - pracownia projektowania wn\u0119trz i architektury\"}]}<\/script>\n<!-- \/ Yoast SEO Premium plugin. -->","yoast_head_json":{"title":"Ekologiczne wn\u0119trze - Flamaster - pracownia projektowania wn\u0119trz","robots":{"index":"index","follow":"follow","max-snippet":"max-snippet:-1","max-image-preview":"max-image-preview:large","max-video-preview":"max-video-preview:-1"},"canonical":"https:\/\/flamaster.com.pl\/en\/ekologiczne-wnetrze\/","og_locale":"en_US","og_type":"article","og_title":"Ekologiczne wn\u0119trze","og_description":"Ekologiczne wn\u0119trza W dobie rosn\u0105cej \u015bwiadomo\u015bci ekologicznej, zr\u00f3wnowa\u017cone projektowanie wn\u0119trz staje si\u0119 kluczowe dla zdrowego stylu \u017cycia. Dzi\u0119ki naszym rozwi\u0105zaniom, mo\u017cesz cieszy\u0107 si\u0119 pi\u0119knym wn\u0119trzem, kt\u00f3re dba o planet\u0119 i promuje zdrowe \u017cycie. odezwij si\u0119 do nas Zmniejsz sw\u00f3j \u015blad w\u0119glowy Zam\u00f3w u&nbsp;nas ekologiczny projekt wn\u0119trz. W czasach mojego dzieci\u0144stwa nast\u0105pi\u0142a w Polsce zmiana ustrojowa. [&hellip;]","og_url":"https:\/\/flamaster.com.pl\/en\/ekologiczne-wnetrze\/","og_site_name":"Flamaster - pracownia projektowania wn\u0119trz","article_modified_time":"2025-12-05T11:58:32+00:00","og_image":[{"url":"https:\/\/flamaster.com.pl\/wp-content\/uploads\/2025\/12\/WAK_6517-684x1024.jpg","type":"","width":"","height":""}],"twitter_card":"summary_large_image","twitter_misc":{"Est. reading time":"3 minutes"},"schema":{"@context":"https:\/\/schema.org","@graph":[{"@type":"WebPage","@id":"https:\/\/flamaster.com.pl\/ekologiczne-wnetrze\/","url":"https:\/\/flamaster.com.pl\/ekologiczne-wnetrze\/","name":"Ekologiczne wn\u0119trze - Flamaster - pracownia projektowania wn\u0119trz","isPartOf":{"@id":"https:\/\/flamaster.com.pl\/#website"},"primaryImageOfPage":{"@id":"https:\/\/flamaster.com.pl\/ekologiczne-wnetrze\/#primaryimage"},"image":{"@id":"https:\/\/flamaster.com.pl\/ekologiczne-wnetrze\/#primaryimage"},"thumbnailUrl":"https:\/\/flamaster.com.pl\/wp-content\/uploads\/2025\/12\/WAK_6517-684x1024.jpg","datePublished":"2023-10-11T07:49:00+00:00","dateModified":"2025-12-05T11:58:32+00:00","breadcrumb":{"@id":"https:\/\/flamaster.com.pl\/ekologiczne-wnetrze\/#breadcrumb"},"inLanguage":"en-US","potentialAction":[{"@type":"ReadAction","target":["https:\/\/flamaster.com.pl\/ekologiczne-wnetrze\/"]}]},{"@type":"ImageObject","inLanguage":"en-US","@id":"https:\/\/flamaster.com.pl\/ekologiczne-wnetrze\/#primaryimage","url":"https:\/\/flamaster.com.pl\/wp-content\/uploads\/2025\/12\/WAK_6517-684x1024.jpg","contentUrl":"https:\/\/flamaster.com.pl\/wp-content\/uploads\/2025\/12\/WAK_6517-684x1024.jpg"},{"@type":"BreadcrumbList","@id":"https:\/\/flamaster.com.pl\/ekologiczne-wnetrze\/#breadcrumb","itemListElement":[{"@type":"ListItem","position":1,"name":"Strona g\u0142\u00f3wna","item":"https:\/\/flamaster.com.pl\/"},{"@type":"ListItem","position":2,"name":"Ekologiczne wn\u0119trze"}]},{"@type":"WebSite","@id":"https:\/\/flamaster.com.pl\/#website","url":"https:\/\/flamaster.com.pl\/","name":"Flamaster - pracownia projektowania wn\u0119trz","description":"Projektujemy funkcjonalne i estetyczne przestrzenie.","publisher":{"@id":"https:\/\/flamaster.com.pl\/#organization"},"potentialAction":[{"@type":"SearchAction","target":{"@type":"EntryPoint","urlTemplate":"https:\/\/flamaster.com.pl\/?s={search_term_string}"},"query-input":{"@type":"PropertyValueSpecification","valueRequired":true,"valueName":"search_term_string"}}],"inLanguage":"en-US"},{"@type":["Organization","Place"],"@id":"https:\/\/flamaster.com.pl\/#organization","name":"Flamaster - pracownia projektowania wn\u0119trz i architektury","url":"https:\/\/flamaster.com.pl\/","logo":{"@id":"https:\/\/flamaster.com.pl\/ekologiczne-wnetrze\/#local-main-organization-logo"},"image":{"@id":"https:\/\/flamaster.com.pl\/ekologiczne-wnetrze\/#local-main-organization-logo"},"sameAs":["https:\/\/www.instagram.com\/agata.plackowska\/"],"telephone":[],"openingHoursSpecification":[{"@type":"OpeningHoursSpecification","dayOfWeek":["Monday","Tuesday","Wednesday","Thursday","Friday","Saturday","Sunday"],"opens":"09:00","closes":"17:00"}]},{"@type":"ImageObject","inLanguage":"en-US","@id":"https:\/\/flamaster.com.pl\/ekologiczne-wnetrze\/#local-main-organization-logo","url":"https:\/\/flamaster.com.pl\/wp-content\/uploads\/2023\/10\/Projekt-bez-nazwy-2023-10-23T114804.666-1.svg","contentUrl":"https:\/\/flamaster.com.pl\/wp-content\/uploads\/2023\/10\/Projekt-bez-nazwy-2023-10-23T114804.666-1.svg","width":921,"height":928,"caption":"Flamaster - pracownia projektowania wn\u0119trz i architektury"}]}},"_links":{"self":[{"href":"https:\/\/flamaster.com.pl\/en\/wp-json\/wp\/v2\/pages\/1386","targetHints":{"allow":["GET"]}}],"collection":[{"href":"https:\/\/flamaster.com.pl\/en\/wp-json\/wp\/v2\/pages"}],"about":[{"href":"https:\/\/flamaster.com.pl\/en\/wp-json\/wp\/v2\/types\/page"}],"author":[{"embeddable":true,"href":"https:\/\/flamaster.com.pl\/en\/wp-json\/wp\/v2\/users\/1"}],"replies":[{"embeddable":true,"href":"https:\/\/flamaster.com.pl\/en\/wp-json\/wp\/v2\/comments?post=1386"}],"version-history":[{"count":52,"href":"https:\/\/flamaster.com.pl\/en\/wp-json\/wp\/v2\/pages\/1386\/revisions"}],"predecessor-version":[{"id":3955,"href":"https:\/\/flamaster.com.pl\/en\/wp-json\/wp\/v2\/pages\/1386\/revisions\/3955"}],"wp:attachment":[{"href":"https:\/\/flamaster.com.pl\/en\/wp-json\/wp\/v2\/media?parent=1386"}],"curies":[{"name":"wp","href":"https:\/\/api.w.org\/{rel}","templated":true}]}}